{"id":2079,"date":"2020-07-30T16:15:11","date_gmt":"2020-07-30T16:15:11","guid":{"rendered":"https:\/\/www.spirit-of-sylt.com\/shop\/?post_type=product&#038;p=2079"},"modified":"2022-10-19T12:43:26","modified_gmt":"2022-10-19T12:43:26","slug":"hoodie-red-anker","status":"publish","type":"product","link":"https:\/\/www.spirit-of-sylt.com\/shop\/produkt\/hoodie-red-anker\/","title":{"rendered":"Hoodie Red &#8222;Anker&#8220;"},"content":{"rendered":"<ul>\n<li>Washed-out-Optik<\/li>\n<li>Weiche Haptik<\/li>\n<li>Runde Garmentwash-Zugkordeln<\/li>\n<li>Doppelnaht-Details<\/li>\n<li>Doppellagige Kapuze<\/li>\n<li>Innen angeraut<\/li>\n<li>\u00c4rmelabschl\u00fcsse und Saum in Ripp-Optik<\/li>\n<li>Seitentaschen<\/li>\n<li>55% Baumwolle \/ 45% Polyester<\/li>\n<li>Grammatur: 280gr\/m2<\/li>\n<li>Pflegehinweis:\u00a0<span style=\"color: #555555;\">30 \u00b0C waschbar,\u00a0<\/span><span style=\"color: #555555;\">Trockner geeignet,\u00a0<\/span><span style=\"color: #555555;\">B\u00fcgeln erlaubt<\/span><\/li>\n<li>Farbe Druck: Wei\u00df<\/li>\n<\/ul>\n<p>Gr\u00f6\u00dfentabelle: <a href=\"#popmake-2220\">HIER<\/a>\u00a0klicken<\/p>\n<p><em><span style=\"font-size: 85%;\">*Anmerkung: Sollten Sie auf diesem Produkt ein anderes unserer Designs oder Druckfarbe (Grau, Wei\u00df, Dunkelblau, Silber, Pink und Gold) w\u00fcnschen, schicken Sie uns einfach eine E-Mail oder schreiben Sie Ihre W\u00fcnsche in das Feld Anmerkungen. Ein Umtausch dieser Ware ist ausgeschlossen.<\/span><\/em><\/p>\n","protected":false},"excerpt":{"rendered":"<p>Washed-out-Optik Weiche Haptik Runde Garmentwash-Zugkordeln Doppelnaht-Details Doppellagige Kapuze Innen angeraut \u00c4rmelabschl\u00fcsse und Saum in Ripp-Optik Seitentaschen 55% Baumwolle \/ 45% Polyester Grammatur: 280gr\/m2 Pflegehinweis:\u00a030 \u00b0C waschbar,\u00a0Trockner geeignet,\u00a0B\u00fcgeln erlaubt Farbe Druck: Wei\u00df Gr\u00f6\u00dfentabelle: HIER\u00a0klicken *Anmerkung: Sollten Sie auf diesem Produkt ein anderes unserer Designs oder Druckfarbe (Grau, Wei\u00df, Dunkelblau, Silber, Pink und Gold) w\u00fcnschen, schicken Sie [&#8230;]\n","protected":false},"featured_media":2861,"comment_status":"open","ping_status":"closed","template":"","meta":{"_monsterinsights_skip_tracking":false,"_monsterinsights_sitenote_active":false,"_monsterinsights_sitenote_note":"","_monsterinsights_sitenote_category":0},"product_brand":[],"product_cat":[19],"product_tag":[],"class_list":{"0":"post-2079","1":"product","2":"type-product","3":"status-publish","4":"has-post-thumbnail","6":"product_cat-fashion","8":"first","9":"instock","10":"taxable","11":"shipping-taxable","12":"purchasable","13":"product-type-variable"},"yoast_head":"<!-- This site is optimized with the Yoast SEO plugin v25.8 - https:\/\/yoast.com\/wordpress\/plugins\/seo\/ -->\n<title>Hoodie Red &quot;Anker&quot; - SOS SPIRIT of SYLT Shop<\/title>\n<meta name=\"robots\" content=\"index, follow, max-snippet:-1, max-image-preview:large, max-video-preview:-1\" \/>\n<link rel=\"canonical\" href=\"https:\/\/www.spirit-of-sylt.com\/shop\/produkt\/hoodie-red-anker\/\" \/>\n<meta property=\"og:locale\" content=\"de_DE\" \/>\n<meta property=\"og:type\" content=\"article\" \/>\n<meta property=\"og:title\" content=\"Hoodie Red &quot;Anker&quot;\" \/>\n<meta property=\"og:description\" content=\"Washed-out-Optik Weiche Haptik Runde Garmentwash-Zugkordeln Doppelnaht-Details Doppellagige Kapuze Innen angeraut \u00c4rmelabschl\u00fcsse und Saum in Ripp-Optik Seitentaschen 55% Baumwolle \/ 45% Polyester Grammatur: 280gr\/m2 Pflegehinweis:\u00a030 \u00b0C waschbar,\u00a0Trockner geeignet,\u00a0B\u00fcgeln erlaubt Farbe Druck: Wei\u00df Gr\u00f6\u00dfentabelle: HIER\u00a0klicken *Anmerkung: Sollten Sie auf diesem Produkt ein anderes unserer Designs oder Druckfarbe (Grau, Wei\u00df, Dunkelblau, Silber, Pink und Gold) w\u00fcnschen, schicken Sie [...]\" \/>\n<meta property=\"og:url\" content=\"https:\/\/www.spirit-of-sylt.com\/shop\/produkt\/hoodie-red-anker\/\" \/>\n<meta property=\"og:site_name\" content=\"SOS SPIRIT of SYLT Shop\" \/>\n<meta property=\"article:publisher\" content=\"https:\/\/www.facebook.com\/Spirit.of.Sylt.Livesyle.Shop\" \/>\n<meta property=\"article:modified_time\" content=\"2022-10-19T12:43:26+00:00\" \/>\n<meta property=\"og:image\" content=\"https:\/\/www.spirit-of-sylt.com\/shop\/wp-content\/uploads\/2020\/07\/L-Shop_Hoddie_rot_2020_Anker-1.jpg\" \/>\n\t<meta property=\"og:image:width\" content=\"1600\" \/>\n\t<meta property=\"og:image:height\" content=\"1090\" \/>\n\t<meta property=\"og:image:type\" content=\"image\/jpeg\" \/>\n<meta name=\"twitter:card\" content=\"summary_large_image\" \/>\n<meta name=\"twitter:label1\" content=\"Gesch\u00e4tzte Lesezeit\" \/>\n\t<meta name=\"twitter:data1\" content=\"1\u00a0Minute\" \/>\n<script type=\"application\/ld+json\" class=\"yoast-schema-graph\">{\"@context\":\"https:\/\/schema.org\",\"@graph\":[{\"@type\":\"WebPage\",\"@id\":\"https:\/\/www.spirit-of-sylt.com\/shop\/produkt\/hoodie-red-anker\/\",\"url\":\"https:\/\/www.spirit-of-sylt.com\/shop\/produkt\/hoodie-red-anker\/\",\"name\":\"Hoodie Red \\\"Anker\\\" - SOS SPIRIT of SYLT Shop\",\"isPartOf\":{\"@id\":\"https:\/\/www.spirit-of-sylt.com\/shop\/#website\"},\"primaryImageOfPage\":{\"@id\":\"https:\/\/www.spirit-of-sylt.com\/shop\/produkt\/hoodie-red-anker\/#primaryimage\"},\"image\":{\"@id\":\"https:\/\/www.spirit-of-sylt.com\/shop\/produkt\/hoodie-red-anker\/#primaryimage\"},\"thumbnailUrl\":\"https:\/\/www.spirit-of-sylt.com\/shop\/wp-content\/uploads\/2020\/07\/L-Shop_Hoddie_rot_2020_Anker.jpg\",\"datePublished\":\"2020-07-30T16:15:11+00:00\",\"dateModified\":\"2022-10-19T12:43:26+00:00\",\"breadcrumb\":{\"@id\":\"https:\/\/www.spirit-of-sylt.com\/shop\/produkt\/hoodie-red-anker\/#breadcrumb\"},\"inLanguage\":\"de\",\"potentialAction\":[{\"@type\":\"ReadAction\",\"target\":[\"https:\/\/www.spirit-of-sylt.com\/shop\/produkt\/hoodie-red-anker\/\"]}]},{\"@type\":\"ImageObject\",\"inLanguage\":\"de\",\"@id\":\"https:\/\/www.spirit-of-sylt.com\/shop\/produkt\/hoodie-red-anker\/#primaryimage\",\"url\":\"https:\/\/www.spirit-of-sylt.com\/shop\/wp-content\/uploads\/2020\/07\/L-Shop_Hoddie_rot_2020_Anker.jpg\",\"contentUrl\":\"https:\/\/www.spirit-of-sylt.com\/shop\/wp-content\/uploads\/2020\/07\/L-Shop_Hoddie_rot_2020_Anker.jpg\",\"width\":1600,\"height\":1090},{\"@type\":\"BreadcrumbList\",\"@id\":\"https:\/\/www.spirit-of-sylt.com\/shop\/produkt\/hoodie-red-anker\/#breadcrumb\",\"itemListElement\":[{\"@type\":\"ListItem\",\"position\":1,\"name\":\"Startseite\",\"item\":\"https:\/\/www.spirit-of-sylt.com\/shop\/\"},{\"@type\":\"ListItem\",\"position\":2,\"name\":\"Produkte\",\"item\":\"https:\/\/www.spirit-of-sylt.com\/shop\/shop\/\"},{\"@type\":\"ListItem\",\"position\":3,\"name\":\"Hoodie Red &#8220;Anker&#8221;\"}]},{\"@type\":\"WebSite\",\"@id\":\"https:\/\/www.spirit-of-sylt.com\/shop\/#website\",\"url\":\"https:\/\/www.spirit-of-sylt.com\/shop\/\",\"name\":\"SPIRIT of SYLT Shop\",\"description\":\"Spirits, fashion &amp; more\",\"publisher\":{\"@id\":\"https:\/\/www.spirit-of-sylt.com\/shop\/#organization\"},\"potentialAction\":[{\"@type\":\"SearchAction\",\"target\":{\"@type\":\"EntryPoint\",\"urlTemplate\":\"https:\/\/www.spirit-of-sylt.com\/shop\/?s={search_term_string}\"},\"query-input\":{\"@type\":\"PropertyValueSpecification\",\"valueRequired\":true,\"valueName\":\"search_term_string\"}}],\"inLanguage\":\"de\"},{\"@type\":\"Organization\",\"@id\":\"https:\/\/www.spirit-of-sylt.com\/shop\/#organization\",\"name\":\"SPIRIT of SYLT\",\"url\":\"https:\/\/www.spirit-of-sylt.com\/shop\/\",\"logo\":{\"@type\":\"ImageObject\",\"inLanguage\":\"de\",\"@id\":\"https:\/\/www.spirit-of-sylt.com\/shop\/#\/schema\/logo\/image\/\",\"url\":\"https:\/\/www.spirit-of-sylt.com\/shop\/wp-content\/uploads\/2019\/07\/Logo_SOS_SHOP_NEU_2.jpg\",\"contentUrl\":\"https:\/\/www.spirit-of-sylt.com\/shop\/wp-content\/uploads\/2019\/07\/Logo_SOS_SHOP_NEU_2.jpg\",\"width\":1417,\"height\":409,\"caption\":\"SPIRIT of SYLT\"},\"image\":{\"@id\":\"https:\/\/www.spirit-of-sylt.com\/shop\/#\/schema\/logo\/image\/\"},\"sameAs\":[\"https:\/\/www.facebook.com\/Spirit.of.Sylt.Livesyle.Shop\",\"https:\/\/www.youtube.com\/channel\/UCCi3vslS2xWVD-ieL-eVymQ\"]}]}<\/script>\n<!-- \/ Yoast SEO plugin. -->","yoast_head_json":{"title":"Hoodie Red \"Anker\" - SOS SPIRIT of SYLT Shop","robots":{"index":"index","follow":"follow","max-snippet":"max-snippet:-1","max-image-preview":"max-image-preview:large","max-video-preview":"max-video-preview:-1"},"canonical":"https:\/\/www.spirit-of-sylt.com\/shop\/produkt\/hoodie-red-anker\/","og_locale":"de_DE","og_type":"article","og_title":"Hoodie Red \"Anker\"","og_description":"Washed-out-Optik Weiche Haptik Runde Garmentwash-Zugkordeln Doppelnaht-Details Doppellagige Kapuze Innen angeraut \u00c4rmelabschl\u00fcsse und Saum in Ripp-Optik Seitentaschen 55% Baumwolle \/ 45% Polyester Grammatur: 280gr\/m2 Pflegehinweis:\u00a030 \u00b0C waschbar,\u00a0Trockner geeignet,\u00a0B\u00fcgeln erlaubt Farbe Druck: Wei\u00df Gr\u00f6\u00dfentabelle: HIER\u00a0klicken *Anmerkung: Sollten Sie auf diesem Produkt ein anderes unserer Designs oder Druckfarbe (Grau, Wei\u00df, Dunkelblau, Silber, Pink und Gold) w\u00fcnschen, schicken Sie [...]","og_url":"https:\/\/www.spirit-of-sylt.com\/shop\/produkt\/hoodie-red-anker\/","og_site_name":"SOS SPIRIT of SYLT Shop","article_publisher":"https:\/\/www.facebook.com\/Spirit.of.Sylt.Livesyle.Shop","article_modified_time":"2022-10-19T12:43:26+00:00","og_image":[{"width":1600,"height":1090,"url":"https:\/\/www.spirit-of-sylt.com\/shop\/wp-content\/uploads\/2020\/07\/L-Shop_Hoddie_rot_2020_Anker-1.jpg","type":"image\/jpeg"}],"twitter_card":"summary_large_image","twitter_misc":{"Gesch\u00e4tzte Lesezeit":"1\u00a0Minute"},"schema":{"@context":"https:\/\/schema.org","@graph":[{"@type":"WebPage","@id":"https:\/\/www.spirit-of-sylt.com\/shop\/produkt\/hoodie-red-anker\/","url":"https:\/\/www.spirit-of-sylt.com\/shop\/produkt\/hoodie-red-anker\/","name":"Hoodie Red \"Anker\" - SOS SPIRIT of SYLT Shop","isPartOf":{"@id":"https:\/\/www.spirit-of-sylt.com\/shop\/#website"},"primaryImageOfPage":{"@id":"https:\/\/www.spirit-of-sylt.com\/shop\/produkt\/hoodie-red-anker\/#primaryimage"},"image":{"@id":"https:\/\/www.spirit-of-sylt.com\/shop\/produkt\/hoodie-red-anker\/#primaryimage"},"thumbnailUrl":"https:\/\/www.spirit-of-sylt.com\/shop\/wp-content\/uploads\/2020\/07\/L-Shop_Hoddie_rot_2020_Anker.jpg","datePublished":"2020-07-30T16:15:11+00:00","dateModified":"2022-10-19T12:43:26+00:00","breadcrumb":{"@id":"https:\/\/www.spirit-of-sylt.com\/shop\/produkt\/hoodie-red-anker\/#breadcrumb"},"inLanguage":"de","potentialAction":[{"@type":"ReadAction","target":["https:\/\/www.spirit-of-sylt.com\/shop\/produkt\/hoodie-red-anker\/"]}]},{"@type":"ImageObject","inLanguage":"de","@id":"https:\/\/www.spirit-of-sylt.com\/shop\/produkt\/hoodie-red-anker\/#primaryimage","url":"https:\/\/www.spirit-of-sylt.com\/shop\/wp-content\/uploads\/2020\/07\/L-Shop_Hoddie_rot_2020_Anker.jpg","contentUrl":"https:\/\/www.spirit-of-sylt.com\/shop\/wp-content\/uploads\/2020\/07\/L-Shop_Hoddie_rot_2020_Anker.jpg","width":1600,"height":1090},{"@type":"BreadcrumbList","@id":"https:\/\/www.spirit-of-sylt.com\/shop\/produkt\/hoodie-red-anker\/#breadcrumb","itemListElement":[{"@type":"ListItem","position":1,"name":"Startseite","item":"https:\/\/www.spirit-of-sylt.com\/shop\/"},{"@type":"ListItem","position":2,"name":"Produkte","item":"https:\/\/www.spirit-of-sylt.com\/shop\/shop\/"},{"@type":"ListItem","position":3,"name":"Hoodie Red &#8220;Anker&#8221;"}]},{"@type":"WebSite","@id":"https:\/\/www.spirit-of-sylt.com\/shop\/#website","url":"https:\/\/www.spirit-of-sylt.com\/shop\/","name":"SPIRIT of SYLT Shop","description":"Spirits, fashion &amp; more","publisher":{"@id":"https:\/\/www.spirit-of-sylt.com\/shop\/#organization"},"potentialAction":[{"@type":"SearchAction","target":{"@type":"EntryPoint","urlTemplate":"https:\/\/www.spirit-of-sylt.com\/shop\/?s={search_term_string}"},"query-input":{"@type":"PropertyValueSpecification","valueRequired":true,"valueName":"search_term_string"}}],"inLanguage":"de"},{"@type":"Organization","@id":"https:\/\/www.spirit-of-sylt.com\/shop\/#organization","name":"SPIRIT of SYLT","url":"https:\/\/www.spirit-of-sylt.com\/shop\/","logo":{"@type":"ImageObject","inLanguage":"de","@id":"https:\/\/www.spirit-of-sylt.com\/shop\/#\/schema\/logo\/image\/","url":"https:\/\/www.spirit-of-sylt.com\/shop\/wp-content\/uploads\/2019\/07\/Logo_SOS_SHOP_NEU_2.jpg","contentUrl":"https:\/\/www.spirit-of-sylt.com\/shop\/wp-content\/uploads\/2019\/07\/Logo_SOS_SHOP_NEU_2.jpg","width":1417,"height":409,"caption":"SPIRIT of SYLT"},"image":{"@id":"https:\/\/www.spirit-of-sylt.com\/shop\/#\/schema\/logo\/image\/"},"sameAs":["https:\/\/www.facebook.com\/Spirit.of.Sylt.Livesyle.Shop","https:\/\/www.youtube.com\/channel\/UCCi3vslS2xWVD-ieL-eVymQ"]}]}},"_links":{"self":[{"href":"https:\/\/www.spirit-of-sylt.com\/shop\/wp-json\/wp\/v2\/product\/2079","targetHints":{"allow":["GET"]}}],"collection":[{"href":"https:\/\/www.spirit-of-sylt.com\/shop\/wp-json\/wp\/v2\/product"}],"about":[{"href":"https:\/\/www.spirit-of-sylt.com\/shop\/wp-json\/wp\/v2\/types\/product"}],"replies":[{"embeddable":true,"href":"https:\/\/www.spirit-of-sylt.com\/shop\/wp-json\/wp\/v2\/comments?post=2079"}],"wp:featuredmedia":[{"embeddable":true,"href":"https:\/\/www.spirit-of-sylt.com\/shop\/wp-json\/wp\/v2\/media\/2861"}],"wp:attachment":[{"href":"https:\/\/www.spirit-of-sylt.com\/shop\/wp-json\/wp\/v2\/media?parent=2079"}],"wp:term":[{"taxonomy":"product_brand","embeddable":true,"href":"https:\/\/www.spirit-of-sylt.com\/shop\/wp-json\/wp\/v2\/product_brand?post=2079"},{"taxonomy":"product_cat","embeddable":true,"href":"https:\/\/www.spirit-of-sylt.com\/shop\/wp-json\/wp\/v2\/product_cat?post=2079"},{"taxonomy":"product_tag","embeddable":true,"href":"https:\/\/www.spirit-of-sylt.com\/shop\/wp-json\/wp\/v2\/product_tag?post=2079"}],"curies":[{"name":"wp","href":"https:\/\/api.w.org\/{rel}","templated":true}]}}