{"id":2119,"date":"2020-07-30T17:08:14","date_gmt":"2020-07-30T17:08:14","guid":{"rendered":"https:\/\/www.spirit-of-sylt.com\/shop\/?post_type=product&#038;p=2119"},"modified":"2022-10-19T13:37:59","modified_gmt":"2022-10-19T13:37:59","slug":"organic-sweat-ladies-heather-grey-label","status":"publish","type":"product","link":"https:\/\/www.spirit-of-sylt.com\/shop\/produkt\/organic-sweat-ladies-heather-grey-label\/","title":{"rendered":"Ladies-Sweater Heather Grey &#8222;Label&#8220;"},"content":{"rendered":"<ul>\n<li>Normale Passform<\/li>\n<li>Sanforisierte, ringgesponnene, gek\u00e4mmte Bio-Baumwolle<\/li>\n<li>Qualitativ hochwertiges Nackenband mit Fischgr\u00e4t-Muster<\/li>\n<li>Ungeb\u00fcrstete Qualit\u00e4t<\/li>\n<li>Widerstandsf\u00e4hige Qualit\u00e4t<\/li>\n<li>Weiches Handgef\u00fchl<\/li>\n<li>71% Baumwolle \/ 25%\u00a0<span style=\"color: #555555;\">Polyester \/ 4% Viskose<\/span><\/li>\n<li>Grammatur: 280gr\/m2<\/li>\n<li>Zertifizierung: Bio-Baumwolle\u00a0Cotton in conversion\/Recycl. PET\u00a0Oeko-Tex<\/li>\n<li>Farbe Druck: Grau<\/li>\n<\/ul>\n<p>Gr\u00f6\u00dfentabelle: <a href=\"#popmake-2217\">HIER<\/a>\u00a0klicken<\/p>\n<p><em><span style=\"font-size: 85%;\">*Anmerkung: Sollten Sie auf diesem Produkt ein anderes unserer Designs oder Druckfarbe (Grau, Wei\u00df, Dunkelblau, Silber, Pink und Gold) w\u00fcnschen, schicken Sie uns einfach eine E-Mail oder schreiben Sie Ihre W\u00fcnsche in das Feld Anmerkungen. Ein Umtausch dieser Ware ist ausgeschlossen.<\/span><\/em><\/p>\n","protected":false},"excerpt":{"rendered":"<p>Normale Passform Sanforisierte, ringgesponnene, gek\u00e4mmte Bio-Baumwolle Qualitativ hochwertiges Nackenband mit Fischgr\u00e4t-Muster Ungeb\u00fcrstete Qualit\u00e4t Widerstandsf\u00e4hige Qualit\u00e4t Weiches Handgef\u00fchl 71% Baumwolle \/ 25%\u00a0Polyester \/ 4% Viskose Grammatur: 280gr\/m2 Zertifizierung: Bio-Baumwolle\u00a0Cotton in conversion\/Recycl. PET\u00a0Oeko-Tex Farbe Druck: Grau Gr\u00f6\u00dfentabelle: HIER\u00a0klicken *Anmerkung: Sollten Sie auf diesem Produkt ein anderes unserer Designs oder Druckfarbe (Grau, Wei\u00df, Dunkelblau, Silber, Pink und Gold) [&#8230;]\n","protected":false},"featured_media":2895,"comment_status":"open","ping_status":"closed","template":"","meta":{"_monsterinsights_skip_tracking":false,"_monsterinsights_sitenote_active":false,"_monsterinsights_sitenote_note":"","_monsterinsights_sitenote_category":0},"product_brand":[],"product_cat":[19],"product_tag":[],"class_list":{"0":"post-2119","1":"product","2":"type-product","3":"status-publish","4":"has-post-thumbnail","6":"product_cat-fashion","8":"first","9":"instock","10":"taxable","11":"shipping-taxable","12":"purchasable","13":"product-type-variable"},"yoast_head":"<!-- This site is optimized with the Yoast SEO plugin v25.8 - https:\/\/yoast.com\/wordpress\/plugins\/seo\/ -->\n<title>Ladies-Sweater Heather Grey &quot;Label&quot; - SOS SPIRIT of SYLT Shop<\/title>\n<meta name=\"robots\" content=\"index, follow, max-snippet:-1, max-image-preview:large, max-video-preview:-1\" \/>\n<link rel=\"canonical\" href=\"https:\/\/www.spirit-of-sylt.com\/shop\/produkt\/organic-sweat-ladies-heather-grey-label\/\" \/>\n<meta property=\"og:locale\" content=\"de_DE\" \/>\n<meta property=\"og:type\" content=\"article\" \/>\n<meta property=\"og:title\" content=\"Ladies-Sweater Heather Grey &quot;Label&quot;\" \/>\n<meta property=\"og:description\" content=\"Normale PassformSanforisierte, ringgesponnene, gek\u00e4mmte Bio-BaumwolleQualitativ hochwertiges Nackenband mit Fischgr\u00e4t-MusterUngeb\u00fcrstete Qualit\u00e4tWiderstandsf\u00e4hige Qualit\u00e4tWeiches Handgef\u00fchl71% Baumwolle \/ 25%\u00a0Polyester \/ 4% ViskoseGrammatur: 280gr\/m2Zertifizierung: Bio-Baumwolle\u00a0Cotton in conversion\/Recycl. PET\u00a0Oeko-TexFarbe Druck: Grau\" \/>\n<meta property=\"og:url\" content=\"https:\/\/www.spirit-of-sylt.com\/shop\/produkt\/organic-sweat-ladies-heather-grey-label\/\" \/>\n<meta property=\"og:site_name\" content=\"SOS SPIRIT of SYLT Shop\" \/>\n<meta property=\"article:publisher\" content=\"https:\/\/www.facebook.com\/Spirit.of.Sylt.Livesyle.Shop\" \/>\n<meta property=\"article:modified_time\" content=\"2022-10-19T13:37:59+00:00\" \/>\n<meta property=\"og:image\" content=\"https:\/\/www.spirit-of-sylt.com\/shop\/wp-content\/uploads\/2020\/07\/L-Shop_Ladie_sear_Grau-Label.jpg\" \/>\n\t<meta property=\"og:image:width\" content=\"1600\" \/>\n\t<meta property=\"og:image:height\" content=\"1090\" \/>\n\t<meta property=\"og:image:type\" content=\"image\/jpeg\" \/>\n<meta name=\"twitter:card\" content=\"summary_large_image\" \/>\n<script type=\"application\/ld+json\" class=\"yoast-schema-graph\">{\"@context\":\"https:\/\/schema.org\",\"@graph\":[{\"@type\":\"WebPage\",\"@id\":\"https:\/\/www.spirit-of-sylt.com\/shop\/produkt\/organic-sweat-ladies-heather-grey-label\/\",\"url\":\"https:\/\/www.spirit-of-sylt.com\/shop\/produkt\/organic-sweat-ladies-heather-grey-label\/\",\"name\":\"Ladies-Sweater Heather Grey \\\"Label\\\" - SOS SPIRIT of SYLT Shop\",\"isPartOf\":{\"@id\":\"https:\/\/www.spirit-of-sylt.com\/shop\/#website\"},\"primaryImageOfPage\":{\"@id\":\"https:\/\/www.spirit-of-sylt.com\/shop\/produkt\/organic-sweat-ladies-heather-grey-label\/#primaryimage\"},\"image\":{\"@id\":\"https:\/\/www.spirit-of-sylt.com\/shop\/produkt\/organic-sweat-ladies-heather-grey-label\/#primaryimage\"},\"thumbnailUrl\":\"https:\/\/www.spirit-of-sylt.com\/shop\/wp-content\/uploads\/2020\/07\/L-Shop_Ladie_sear_Grau-Label.jpg\",\"datePublished\":\"2020-07-30T17:08:14+00:00\",\"dateModified\":\"2022-10-19T13:37:59+00:00\",\"breadcrumb\":{\"@id\":\"https:\/\/www.spirit-of-sylt.com\/shop\/produkt\/organic-sweat-ladies-heather-grey-label\/#breadcrumb\"},\"inLanguage\":\"de\",\"potentialAction\":[{\"@type\":\"ReadAction\",\"target\":[\"https:\/\/www.spirit-of-sylt.com\/shop\/produkt\/organic-sweat-ladies-heather-grey-label\/\"]}]},{\"@type\":\"ImageObject\",\"inLanguage\":\"de\",\"@id\":\"https:\/\/www.spirit-of-sylt.com\/shop\/produkt\/organic-sweat-ladies-heather-grey-label\/#primaryimage\",\"url\":\"https:\/\/www.spirit-of-sylt.com\/shop\/wp-content\/uploads\/2020\/07\/L-Shop_Ladie_sear_Grau-Label.jpg\",\"contentUrl\":\"https:\/\/www.spirit-of-sylt.com\/shop\/wp-content\/uploads\/2020\/07\/L-Shop_Ladie_sear_Grau-Label.jpg\",\"width\":1600,\"height\":1090},{\"@type\":\"BreadcrumbList\",\"@id\":\"https:\/\/www.spirit-of-sylt.com\/shop\/produkt\/organic-sweat-ladies-heather-grey-label\/#breadcrumb\",\"itemListElement\":[{\"@type\":\"ListItem\",\"position\":1,\"name\":\"Startseite\",\"item\":\"https:\/\/www.spirit-of-sylt.com\/shop\/\"},{\"@type\":\"ListItem\",\"position\":2,\"name\":\"Produkte\",\"item\":\"https:\/\/www.spirit-of-sylt.com\/shop\/shop\/\"},{\"@type\":\"ListItem\",\"position\":3,\"name\":\"Ladies-Sweater Heather Grey &#8222;Label&#8220;\"}]},{\"@type\":\"WebSite\",\"@id\":\"https:\/\/www.spirit-of-sylt.com\/shop\/#website\",\"url\":\"https:\/\/www.spirit-of-sylt.com\/shop\/\",\"name\":\"SPIRIT of SYLT Shop\",\"description\":\"Spirits, fashion &amp; more\",\"publisher\":{\"@id\":\"https:\/\/www.spirit-of-sylt.com\/shop\/#organization\"},\"potentialAction\":[{\"@type\":\"SearchAction\",\"target\":{\"@type\":\"EntryPoint\",\"urlTemplate\":\"https:\/\/www.spirit-of-sylt.com\/shop\/?s={search_term_string}\"},\"query-input\":{\"@type\":\"PropertyValueSpecification\",\"valueRequired\":true,\"valueName\":\"search_term_string\"}}],\"inLanguage\":\"de\"},{\"@type\":\"Organization\",\"@id\":\"https:\/\/www.spirit-of-sylt.com\/shop\/#organization\",\"name\":\"SPIRIT of SYLT\",\"url\":\"https:\/\/www.spirit-of-sylt.com\/shop\/\",\"logo\":{\"@type\":\"ImageObject\",\"inLanguage\":\"de\",\"@id\":\"https:\/\/www.spirit-of-sylt.com\/shop\/#\/schema\/logo\/image\/\",\"url\":\"https:\/\/www.spirit-of-sylt.com\/shop\/wp-content\/uploads\/2019\/07\/Logo_SOS_SHOP_NEU_2.jpg\",\"contentUrl\":\"https:\/\/www.spirit-of-sylt.com\/shop\/wp-content\/uploads\/2019\/07\/Logo_SOS_SHOP_NEU_2.jpg\",\"width\":1417,\"height\":409,\"caption\":\"SPIRIT of SYLT\"},\"image\":{\"@id\":\"https:\/\/www.spirit-of-sylt.com\/shop\/#\/schema\/logo\/image\/\"},\"sameAs\":[\"https:\/\/www.facebook.com\/Spirit.of.Sylt.Livesyle.Shop\",\"https:\/\/www.youtube.com\/channel\/UCCi3vslS2xWVD-ieL-eVymQ\"]}]}<\/script>\n<!-- \/ Yoast SEO plugin. -->","yoast_head_json":{"title":"Ladies-Sweater Heather Grey \"Label\" - SOS SPIRIT of SYLT Shop","robots":{"index":"index","follow":"follow","max-snippet":"max-snippet:-1","max-image-preview":"max-image-preview:large","max-video-preview":"max-video-preview:-1"},"canonical":"https:\/\/www.spirit-of-sylt.com\/shop\/produkt\/organic-sweat-ladies-heather-grey-label\/","og_locale":"de_DE","og_type":"article","og_title":"Ladies-Sweater Heather Grey \"Label\"","og_description":"Normale PassformSanforisierte, ringgesponnene, gek\u00e4mmte Bio-BaumwolleQualitativ hochwertiges Nackenband mit Fischgr\u00e4t-MusterUngeb\u00fcrstete Qualit\u00e4tWiderstandsf\u00e4hige Qualit\u00e4tWeiches Handgef\u00fchl71% Baumwolle \/ 25%\u00a0Polyester \/ 4% ViskoseGrammatur: 280gr\/m2Zertifizierung: Bio-Baumwolle\u00a0Cotton in conversion\/Recycl. PET\u00a0Oeko-TexFarbe Druck: Grau","og_url":"https:\/\/www.spirit-of-sylt.com\/shop\/produkt\/organic-sweat-ladies-heather-grey-label\/","og_site_name":"SOS SPIRIT of SYLT Shop","article_publisher":"https:\/\/www.facebook.com\/Spirit.of.Sylt.Livesyle.Shop","article_modified_time":"2022-10-19T13:37:59+00:00","og_image":[{"width":1600,"height":1090,"url":"https:\/\/www.spirit-of-sylt.com\/shop\/wp-content\/uploads\/2020\/07\/L-Shop_Ladie_sear_Grau-Label.jpg","type":"image\/jpeg"}],"twitter_card":"summary_large_image","schema":{"@context":"https:\/\/schema.org","@graph":[{"@type":"WebPage","@id":"https:\/\/www.spirit-of-sylt.com\/shop\/produkt\/organic-sweat-ladies-heather-grey-label\/","url":"https:\/\/www.spirit-of-sylt.com\/shop\/produkt\/organic-sweat-ladies-heather-grey-label\/","name":"Ladies-Sweater Heather Grey \"Label\" - SOS SPIRIT of SYLT Shop","isPartOf":{"@id":"https:\/\/www.spirit-of-sylt.com\/shop\/#website"},"primaryImageOfPage":{"@id":"https:\/\/www.spirit-of-sylt.com\/shop\/produkt\/organic-sweat-ladies-heather-grey-label\/#primaryimage"},"image":{"@id":"https:\/\/www.spirit-of-sylt.com\/shop\/produkt\/organic-sweat-ladies-heather-grey-label\/#primaryimage"},"thumbnailUrl":"https:\/\/www.spirit-of-sylt.com\/shop\/wp-content\/uploads\/2020\/07\/L-Shop_Ladie_sear_Grau-Label.jpg","datePublished":"2020-07-30T17:08:14+00:00","dateModified":"2022-10-19T13:37:59+00:00","breadcrumb":{"@id":"https:\/\/www.spirit-of-sylt.com\/shop\/produkt\/organic-sweat-ladies-heather-grey-label\/#breadcrumb"},"inLanguage":"de","potentialAction":[{"@type":"ReadAction","target":["https:\/\/www.spirit-of-sylt.com\/shop\/produkt\/organic-sweat-ladies-heather-grey-label\/"]}]},{"@type":"ImageObject","inLanguage":"de","@id":"https:\/\/www.spirit-of-sylt.com\/shop\/produkt\/organic-sweat-ladies-heather-grey-label\/#primaryimage","url":"https:\/\/www.spirit-of-sylt.com\/shop\/wp-content\/uploads\/2020\/07\/L-Shop_Ladie_sear_Grau-Label.jpg","contentUrl":"https:\/\/www.spirit-of-sylt.com\/shop\/wp-content\/uploads\/2020\/07\/L-Shop_Ladie_sear_Grau-Label.jpg","width":1600,"height":1090},{"@type":"BreadcrumbList","@id":"https:\/\/www.spirit-of-sylt.com\/shop\/produkt\/organic-sweat-ladies-heather-grey-label\/#breadcrumb","itemListElement":[{"@type":"ListItem","position":1,"name":"Startseite","item":"https:\/\/www.spirit-of-sylt.com\/shop\/"},{"@type":"ListItem","position":2,"name":"Produkte","item":"https:\/\/www.spirit-of-sylt.com\/shop\/shop\/"},{"@type":"ListItem","position":3,"name":"Ladies-Sweater Heather Grey &#8222;Label&#8220;"}]},{"@type":"WebSite","@id":"https:\/\/www.spirit-of-sylt.com\/shop\/#website","url":"https:\/\/www.spirit-of-sylt.com\/shop\/","name":"SPIRIT of SYLT Shop","description":"Spirits, fashion &amp; more","publisher":{"@id":"https:\/\/www.spirit-of-sylt.com\/shop\/#organization"},"potentialAction":[{"@type":"SearchAction","target":{"@type":"EntryPoint","urlTemplate":"https:\/\/www.spirit-of-sylt.com\/shop\/?s={search_term_string}"},"query-input":{"@type":"PropertyValueSpecification","valueRequired":true,"valueName":"search_term_string"}}],"inLanguage":"de"},{"@type":"Organization","@id":"https:\/\/www.spirit-of-sylt.com\/shop\/#organization","name":"SPIRIT of SYLT","url":"https:\/\/www.spirit-of-sylt.com\/shop\/","logo":{"@type":"ImageObject","inLanguage":"de","@id":"https:\/\/www.spirit-of-sylt.com\/shop\/#\/schema\/logo\/image\/","url":"https:\/\/www.spirit-of-sylt.com\/shop\/wp-content\/uploads\/2019\/07\/Logo_SOS_SHOP_NEU_2.jpg","contentUrl":"https:\/\/www.spirit-of-sylt.com\/shop\/wp-content\/uploads\/2019\/07\/Logo_SOS_SHOP_NEU_2.jpg","width":1417,"height":409,"caption":"SPIRIT of SYLT"},"image":{"@id":"https:\/\/www.spirit-of-sylt.com\/shop\/#\/schema\/logo\/image\/"},"sameAs":["https:\/\/www.facebook.com\/Spirit.of.Sylt.Livesyle.Shop","https:\/\/www.youtube.com\/channel\/UCCi3vslS2xWVD-ieL-eVymQ"]}]}},"_links":{"self":[{"href":"https:\/\/www.spirit-of-sylt.com\/shop\/wp-json\/wp\/v2\/product\/2119","targetHints":{"allow":["GET"]}}],"collection":[{"href":"https:\/\/www.spirit-of-sylt.com\/shop\/wp-json\/wp\/v2\/product"}],"about":[{"href":"https:\/\/www.spirit-of-sylt.com\/shop\/wp-json\/wp\/v2\/types\/product"}],"replies":[{"embeddable":true,"href":"https:\/\/www.spirit-of-sylt.com\/shop\/wp-json\/wp\/v2\/comments?post=2119"}],"wp:featuredmedia":[{"embeddable":true,"href":"https:\/\/www.spirit-of-sylt.com\/shop\/wp-json\/wp\/v2\/media\/2895"}],"wp:attachment":[{"href":"https:\/\/www.spirit-of-sylt.com\/shop\/wp-json\/wp\/v2\/media?parent=2119"}],"wp:term":[{"taxonomy":"product_brand","embeddable":true,"href":"https:\/\/www.spirit-of-sylt.com\/shop\/wp-json\/wp\/v2\/product_brand?post=2119"},{"taxonomy":"product_cat","embeddable":true,"href":"https:\/\/www.spirit-of-sylt.com\/shop\/wp-json\/wp\/v2\/product_cat?post=2119"},{"taxonomy":"product_tag","embeddable":true,"href":"https:\/\/www.spirit-of-sylt.com\/shop\/wp-json\/wp\/v2\/product_tag?post=2119"}],"curies":[{"name":"wp","href":"https:\/\/api.w.org\/{rel}","templated":true}]}}