{"id":2786,"date":"2020-09-25T18:29:14","date_gmt":"2020-09-25T18:29:14","guid":{"rendered":"https:\/\/www.spirit-of-sylt.com\/shop\/?post_type=product&#038;p=2786"},"modified":"2024-10-13T18:21:56","modified_gmt":"2024-10-13T18:21:56","slug":"variables-hundhalsband-classic-in-rot-fuer-individuelle-groessenanpassung-handmade","status":"publish","type":"product","link":"https:\/\/www.spirit-of-sylt.com\/shop\/produkt\/variables-hundhalsband-classic-in-rot-fuer-individuelle-groessenanpassung-handmade\/","title":{"rendered":"Variables Schmuck-Hundhalsband &#8222;Classic&#8220; mit SOS-M\u00fcnze &#8211; Handmade"},"content":{"rendered":"<p>Bei einem Schmuck-Hundehalsband \u201edas mitw\u00e4chst\u201c denkt man zuerst an Welpen und nat\u00fcrlich ist das Halsband f\u00fcr die kleinen Racker perfekt, da man die Gr\u00f6\u00dfe ganz einfach anpassen kann. Aber wir finden auch, dass es ein toller Zusatz ist, wenn ich im Internet ein Halsband bestelle und die M\u00f6glichkeit habe, es ganz individuell anzupassen.<\/p>\n<p>Ein variables Halsband, das individuell im Umfang, durch den versilberten Schieber, angepasst werden kann. Wenn die richtige Gr\u00f6\u00dfe eingestellt ist, raten wir dazu, die Enden mit ein paar Stichen zu vern\u00e4hen, damit sich das Halsband, bei Leinenzug, nicht weitet.<\/p>\n<p>Das Halsband aus sehr weichem und geschmeidigem, aus 3 Str\u00e4ngen gefertigtem, PPM Seil. PPM ist sehr leicht, nimmt kein Wasser auf und schwimmt immer oben. Das Seil wird nach Oeko-Tex 100 Norm hergestellt, so ist sichergestellt, dass es keine Substanzen enth\u00e4lt, die f\u00fcr Mensch oder Tier sch\u00e4dlich sind.<\/p>\n<p>&nbsp;<\/p>\n<p><strong>Durchmesser Tau:<\/strong> ca. 10mm<\/p>\n<p><strong>Material Tau:<\/strong> UV-stabilisierte Polypropylene Multifilament<\/p>\n<p><strong>Material Endkappen und Schieber:<\/strong> Edelstahl versilbert<\/p>\n<p><strong>Material Karabiner \/ Anh\u00e4nger:<\/strong> Metall<\/p>\n<p><strong>Material M\u00fcnze:\u00a0<\/strong>Aluminium<\/p>\n<p><strong>Durchmesser M\u00fcnze:\u00a0<\/strong>30mm<\/p>\n<p><strong>Durchmesser Halsband:<\/strong> ca. 9,5cm bis 14cm<\/p>\n<p>&nbsp;<\/p>\n<p><em>Individuelle Gr\u00f6\u00dfenanfertigungen sind selbstverst\u00e4ndlich m\u00f6glich.<\/em><\/p>\n<p>&nbsp;<\/p>\n<p><em><strong>Wichtige Anmerkung: Unsere Hundeleinen und Hundehalsb\u00e4nder sind reine Schmuckhalsb\u00e4nder. Wir haften nicht f\u00fcr Sch\u00e4den, die auf Grund von gerissenen Leinen oder Halsb\u00e4ndern oder den verwendeten anderen Materialien wie \u00a0Ringe, Karabiner oder \u00e4hnliches entstehen k\u00f6nnten. Jede Haftung ist ausgeschlossen.<\/strong><\/em><\/p>\n","protected":false},"excerpt":{"rendered":"<p>Bei einem Schmuck-Hundehalsband \u201edas mitw\u00e4chst\u201c denkt man zuerst an Welpen und nat\u00fcrlich ist das Halsband f\u00fcr die kleinen Racker perfekt, da man die Gr\u00f6\u00dfe ganz einfach anpassen kann. Aber wir finden auch, dass es ein toller Zusatz ist, wenn ich im Internet ein Halsband bestelle und die M\u00f6glichkeit habe, es ganz individuell anzupassen. Ein variables [&#8230;]\n","protected":false},"featured_media":3164,"comment_status":"open","ping_status":"closed","template":"","meta":{"_monsterinsights_skip_tracking":false,"_monsterinsights_sitenote_active":false,"_monsterinsights_sitenote_note":"","_monsterinsights_sitenote_category":0},"product_brand":[],"product_cat":[63],"product_tag":[],"class_list":{"0":"post-2786","1":"product","2":"type-product","3":"status-publish","4":"has-post-thumbnail","6":"product_cat-hundehalsbaender","7":"product_shipping_class-standard","9":"first","10":"instock","11":"taxable","12":"shipping-taxable","13":"purchasable","14":"product-type-simple"},"yoast_head":"<!-- This site is optimized with the Yoast SEO plugin v25.8 - https:\/\/yoast.com\/wordpress\/plugins\/seo\/ -->\n<title>Variables Schmuck-Hundhalsband &quot;Classic&quot; mit SOS-M\u00fcnze - Handmade - SOS SPIRIT of SYLT Shop<\/title>\n<meta name=\"robots\" content=\"index, follow, max-snippet:-1, max-image-preview:large, max-video-preview:-1\" \/>\n<link rel=\"canonical\" href=\"https:\/\/www.spirit-of-sylt.com\/shop\/produkt\/variables-hundhalsband-classic-in-rot-fuer-individuelle-groessenanpassung-handmade\/\" \/>\n<meta property=\"og:locale\" content=\"de_DE\" \/>\n<meta property=\"og:type\" content=\"article\" \/>\n<meta property=\"og:title\" content=\"Variables Schmuck-Hundhalsband &quot;Classic&quot; mit SOS-M\u00fcnze - Handmade - SOS SPIRIT of SYLT Shop\" \/>\n<meta property=\"og:description\" content=\"Bei einem Schmuck-Hundehalsband \u201edas mitw\u00e4chst\u201c denkt man zuerst an Welpen und nat\u00fcrlich ist das Halsband f\u00fcr die kleinen Racker perfekt, da man die Gr\u00f6\u00dfe ganz einfach anpassen kann. Aber wir finden auch, dass es ein toller Zusatz ist, wenn ich im Internet ein Halsband bestelle und die M\u00f6glichkeit habe, es ganz individuell anzupassen. Ein variables [...]\" \/>\n<meta property=\"og:url\" content=\"https:\/\/www.spirit-of-sylt.com\/shop\/produkt\/variables-hundhalsband-classic-in-rot-fuer-individuelle-groessenanpassung-handmade\/\" \/>\n<meta property=\"og:site_name\" content=\"SOS SPIRIT of SYLT Shop\" \/>\n<meta property=\"article:publisher\" content=\"https:\/\/www.facebook.com\/Spirit.of.Sylt.Livesyle.Shop\" \/>\n<meta property=\"article:modified_time\" content=\"2024-10-13T18:21:56+00:00\" \/>\n<meta property=\"og:image\" content=\"https:\/\/www.spirit-of-sylt.com\/shop\/wp-content\/uploads\/2020\/10\/Leia_11-1024x682.jpg\" \/>\n\t<meta property=\"og:image:width\" content=\"1024\" \/>\n\t<meta property=\"og:image:height\" content=\"682\" \/>\n\t<meta property=\"og:image:type\" content=\"image\/jpeg\" \/>\n<meta name=\"twitter:card\" content=\"summary_large_image\" \/>\n<meta name=\"twitter:label1\" content=\"Gesch\u00e4tzte Lesezeit\" \/>\n\t<meta name=\"twitter:data1\" content=\"2\u00a0Minuten\" \/>\n<script type=\"application\/ld+json\" class=\"yoast-schema-graph\">{\"@context\":\"https:\/\/schema.org\",\"@graph\":[{\"@type\":\"WebPage\",\"@id\":\"https:\/\/www.spirit-of-sylt.com\/shop\/produkt\/variables-hundhalsband-classic-in-rot-fuer-individuelle-groessenanpassung-handmade\/\",\"url\":\"https:\/\/www.spirit-of-sylt.com\/shop\/produkt\/variables-hundhalsband-classic-in-rot-fuer-individuelle-groessenanpassung-handmade\/\",\"name\":\"Variables Schmuck-Hundhalsband \\\"Classic\\\" mit SOS-M\u00fcnze - Handmade - SOS SPIRIT of SYLT Shop\",\"isPartOf\":{\"@id\":\"https:\/\/www.spirit-of-sylt.com\/shop\/#website\"},\"primaryImageOfPage\":{\"@id\":\"https:\/\/www.spirit-of-sylt.com\/shop\/produkt\/variables-hundhalsband-classic-in-rot-fuer-individuelle-groessenanpassung-handmade\/#primaryimage\"},\"image\":{\"@id\":\"https:\/\/www.spirit-of-sylt.com\/shop\/produkt\/variables-hundhalsband-classic-in-rot-fuer-individuelle-groessenanpassung-handmade\/#primaryimage\"},\"thumbnailUrl\":\"https:\/\/www.spirit-of-sylt.com\/shop\/wp-content\/uploads\/2020\/10\/Leia_11.jpg\",\"datePublished\":\"2020-09-25T18:29:14+00:00\",\"dateModified\":\"2024-10-13T18:21:56+00:00\",\"breadcrumb\":{\"@id\":\"https:\/\/www.spirit-of-sylt.com\/shop\/produkt\/variables-hundhalsband-classic-in-rot-fuer-individuelle-groessenanpassung-handmade\/#breadcrumb\"},\"inLanguage\":\"de\",\"potentialAction\":[{\"@type\":\"ReadAction\",\"target\":[\"https:\/\/www.spirit-of-sylt.com\/shop\/produkt\/variables-hundhalsband-classic-in-rot-fuer-individuelle-groessenanpassung-handmade\/\"]}]},{\"@type\":\"ImageObject\",\"inLanguage\":\"de\",\"@id\":\"https:\/\/www.spirit-of-sylt.com\/shop\/produkt\/variables-hundhalsband-classic-in-rot-fuer-individuelle-groessenanpassung-handmade\/#primaryimage\",\"url\":\"https:\/\/www.spirit-of-sylt.com\/shop\/wp-content\/uploads\/2020\/10\/Leia_11.jpg\",\"contentUrl\":\"https:\/\/www.spirit-of-sylt.com\/shop\/wp-content\/uploads\/2020\/10\/Leia_11.jpg\",\"width\":2000,\"height\":1333},{\"@type\":\"BreadcrumbList\",\"@id\":\"https:\/\/www.spirit-of-sylt.com\/shop\/produkt\/variables-hundhalsband-classic-in-rot-fuer-individuelle-groessenanpassung-handmade\/#breadcrumb\",\"itemListElement\":[{\"@type\":\"ListItem\",\"position\":1,\"name\":\"Startseite\",\"item\":\"https:\/\/www.spirit-of-sylt.com\/shop\/\"},{\"@type\":\"ListItem\",\"position\":2,\"name\":\"Produkte\",\"item\":\"https:\/\/www.spirit-of-sylt.com\/shop\/shop\/\"},{\"@type\":\"ListItem\",\"position\":3,\"name\":\"Variables Schmuck-Hundhalsband &#8222;Classic&#8220; mit SOS-M\u00fcnze &#8211; Handmade\"}]},{\"@type\":\"WebSite\",\"@id\":\"https:\/\/www.spirit-of-sylt.com\/shop\/#website\",\"url\":\"https:\/\/www.spirit-of-sylt.com\/shop\/\",\"name\":\"SPIRIT of SYLT Shop\",\"description\":\"Spirits, fashion &amp; more\",\"publisher\":{\"@id\":\"https:\/\/www.spirit-of-sylt.com\/shop\/#organization\"},\"potentialAction\":[{\"@type\":\"SearchAction\",\"target\":{\"@type\":\"EntryPoint\",\"urlTemplate\":\"https:\/\/www.spirit-of-sylt.com\/shop\/?s={search_term_string}\"},\"query-input\":{\"@type\":\"PropertyValueSpecification\",\"valueRequired\":true,\"valueName\":\"search_term_string\"}}],\"inLanguage\":\"de\"},{\"@type\":\"Organization\",\"@id\":\"https:\/\/www.spirit-of-sylt.com\/shop\/#organization\",\"name\":\"SPIRIT of SYLT\",\"url\":\"https:\/\/www.spirit-of-sylt.com\/shop\/\",\"logo\":{\"@type\":\"ImageObject\",\"inLanguage\":\"de\",\"@id\":\"https:\/\/www.spirit-of-sylt.com\/shop\/#\/schema\/logo\/image\/\",\"url\":\"https:\/\/www.spirit-of-sylt.com\/shop\/wp-content\/uploads\/2019\/07\/Logo_SOS_SHOP_NEU_2.jpg\",\"contentUrl\":\"https:\/\/www.spirit-of-sylt.com\/shop\/wp-content\/uploads\/2019\/07\/Logo_SOS_SHOP_NEU_2.jpg\",\"width\":1417,\"height\":409,\"caption\":\"SPIRIT of SYLT\"},\"image\":{\"@id\":\"https:\/\/www.spirit-of-sylt.com\/shop\/#\/schema\/logo\/image\/\"},\"sameAs\":[\"https:\/\/www.facebook.com\/Spirit.of.Sylt.Livesyle.Shop\",\"https:\/\/www.youtube.com\/channel\/UCCi3vslS2xWVD-ieL-eVymQ\"]}]}<\/script>\n<!-- \/ Yoast SEO plugin. -->","yoast_head_json":{"title":"Variables Schmuck-Hundhalsband \"Classic\" mit SOS-M\u00fcnze - Handmade - SOS SPIRIT of SYLT Shop","robots":{"index":"index","follow":"follow","max-snippet":"max-snippet:-1","max-image-preview":"max-image-preview:large","max-video-preview":"max-video-preview:-1"},"canonical":"https:\/\/www.spirit-of-sylt.com\/shop\/produkt\/variables-hundhalsband-classic-in-rot-fuer-individuelle-groessenanpassung-handmade\/","og_locale":"de_DE","og_type":"article","og_title":"Variables Schmuck-Hundhalsband \"Classic\" mit SOS-M\u00fcnze - Handmade - SOS SPIRIT of SYLT Shop","og_description":"Bei einem Schmuck-Hundehalsband \u201edas mitw\u00e4chst\u201c denkt man zuerst an Welpen und nat\u00fcrlich ist das Halsband f\u00fcr die kleinen Racker perfekt, da man die Gr\u00f6\u00dfe ganz einfach anpassen kann. Aber wir finden auch, dass es ein toller Zusatz ist, wenn ich im Internet ein Halsband bestelle und die M\u00f6glichkeit habe, es ganz individuell anzupassen. Ein variables [...]","og_url":"https:\/\/www.spirit-of-sylt.com\/shop\/produkt\/variables-hundhalsband-classic-in-rot-fuer-individuelle-groessenanpassung-handmade\/","og_site_name":"SOS SPIRIT of SYLT Shop","article_publisher":"https:\/\/www.facebook.com\/Spirit.of.Sylt.Livesyle.Shop","article_modified_time":"2024-10-13T18:21:56+00:00","og_image":[{"width":1024,"height":682,"url":"https:\/\/www.spirit-of-sylt.com\/shop\/wp-content\/uploads\/2020\/10\/Leia_11-1024x682.jpg","type":"image\/jpeg"}],"twitter_card":"summary_large_image","twitter_misc":{"Gesch\u00e4tzte Lesezeit":"2\u00a0Minuten"},"schema":{"@context":"https:\/\/schema.org","@graph":[{"@type":"WebPage","@id":"https:\/\/www.spirit-of-sylt.com\/shop\/produkt\/variables-hundhalsband-classic-in-rot-fuer-individuelle-groessenanpassung-handmade\/","url":"https:\/\/www.spirit-of-sylt.com\/shop\/produkt\/variables-hundhalsband-classic-in-rot-fuer-individuelle-groessenanpassung-handmade\/","name":"Variables Schmuck-Hundhalsband \"Classic\" mit SOS-M\u00fcnze - Handmade - SOS SPIRIT of SYLT Shop","isPartOf":{"@id":"https:\/\/www.spirit-of-sylt.com\/shop\/#website"},"primaryImageOfPage":{"@id":"https:\/\/www.spirit-of-sylt.com\/shop\/produkt\/variables-hundhalsband-classic-in-rot-fuer-individuelle-groessenanpassung-handmade\/#primaryimage"},"image":{"@id":"https:\/\/www.spirit-of-sylt.com\/shop\/produkt\/variables-hundhalsband-classic-in-rot-fuer-individuelle-groessenanpassung-handmade\/#primaryimage"},"thumbnailUrl":"https:\/\/www.spirit-of-sylt.com\/shop\/wp-content\/uploads\/2020\/10\/Leia_11.jpg","datePublished":"2020-09-25T18:29:14+00:00","dateModified":"2024-10-13T18:21:56+00:00","breadcrumb":{"@id":"https:\/\/www.spirit-of-sylt.com\/shop\/produkt\/variables-hundhalsband-classic-in-rot-fuer-individuelle-groessenanpassung-handmade\/#breadcrumb"},"inLanguage":"de","potentialAction":[{"@type":"ReadAction","target":["https:\/\/www.spirit-of-sylt.com\/shop\/produkt\/variables-hundhalsband-classic-in-rot-fuer-individuelle-groessenanpassung-handmade\/"]}]},{"@type":"ImageObject","inLanguage":"de","@id":"https:\/\/www.spirit-of-sylt.com\/shop\/produkt\/variables-hundhalsband-classic-in-rot-fuer-individuelle-groessenanpassung-handmade\/#primaryimage","url":"https:\/\/www.spirit-of-sylt.com\/shop\/wp-content\/uploads\/2020\/10\/Leia_11.jpg","contentUrl":"https:\/\/www.spirit-of-sylt.com\/shop\/wp-content\/uploads\/2020\/10\/Leia_11.jpg","width":2000,"height":1333},{"@type":"BreadcrumbList","@id":"https:\/\/www.spirit-of-sylt.com\/shop\/produkt\/variables-hundhalsband-classic-in-rot-fuer-individuelle-groessenanpassung-handmade\/#breadcrumb","itemListElement":[{"@type":"ListItem","position":1,"name":"Startseite","item":"https:\/\/www.spirit-of-sylt.com\/shop\/"},{"@type":"ListItem","position":2,"name":"Produkte","item":"https:\/\/www.spirit-of-sylt.com\/shop\/shop\/"},{"@type":"ListItem","position":3,"name":"Variables Schmuck-Hundhalsband &#8222;Classic&#8220; mit SOS-M\u00fcnze &#8211; Handmade"}]},{"@type":"WebSite","@id":"https:\/\/www.spirit-of-sylt.com\/shop\/#website","url":"https:\/\/www.spirit-of-sylt.com\/shop\/","name":"SPIRIT of SYLT Shop","description":"Spirits, fashion &amp; more","publisher":{"@id":"https:\/\/www.spirit-of-sylt.com\/shop\/#organization"},"potentialAction":[{"@type":"SearchAction","target":{"@type":"EntryPoint","urlTemplate":"https:\/\/www.spirit-of-sylt.com\/shop\/?s={search_term_string}"},"query-input":{"@type":"PropertyValueSpecification","valueRequired":true,"valueName":"search_term_string"}}],"inLanguage":"de"},{"@type":"Organization","@id":"https:\/\/www.spirit-of-sylt.com\/shop\/#organization","name":"SPIRIT of SYLT","url":"https:\/\/www.spirit-of-sylt.com\/shop\/","logo":{"@type":"ImageObject","inLanguage":"de","@id":"https:\/\/www.spirit-of-sylt.com\/shop\/#\/schema\/logo\/image\/","url":"https:\/\/www.spirit-of-sylt.com\/shop\/wp-content\/uploads\/2019\/07\/Logo_SOS_SHOP_NEU_2.jpg","contentUrl":"https:\/\/www.spirit-of-sylt.com\/shop\/wp-content\/uploads\/2019\/07\/Logo_SOS_SHOP_NEU_2.jpg","width":1417,"height":409,"caption":"SPIRIT of SYLT"},"image":{"@id":"https:\/\/www.spirit-of-sylt.com\/shop\/#\/schema\/logo\/image\/"},"sameAs":["https:\/\/www.facebook.com\/Spirit.of.Sylt.Livesyle.Shop","https:\/\/www.youtube.com\/channel\/UCCi3vslS2xWVD-ieL-eVymQ"]}]}},"_links":{"self":[{"href":"https:\/\/www.spirit-of-sylt.com\/shop\/wp-json\/wp\/v2\/product\/2786","targetHints":{"allow":["GET"]}}],"collection":[{"href":"https:\/\/www.spirit-of-sylt.com\/shop\/wp-json\/wp\/v2\/product"}],"about":[{"href":"https:\/\/www.spirit-of-sylt.com\/shop\/wp-json\/wp\/v2\/types\/product"}],"replies":[{"embeddable":true,"href":"https:\/\/www.spirit-of-sylt.com\/shop\/wp-json\/wp\/v2\/comments?post=2786"}],"wp:featuredmedia":[{"embeddable":true,"href":"https:\/\/www.spirit-of-sylt.com\/shop\/wp-json\/wp\/v2\/media\/3164"}],"wp:attachment":[{"href":"https:\/\/www.spirit-of-sylt.com\/shop\/wp-json\/wp\/v2\/media?parent=2786"}],"wp:term":[{"taxonomy":"product_brand","embeddable":true,"href":"https:\/\/www.spirit-of-sylt.com\/shop\/wp-json\/wp\/v2\/product_brand?post=2786"},{"taxonomy":"product_cat","embeddable":true,"href":"https:\/\/www.spirit-of-sylt.com\/shop\/wp-json\/wp\/v2\/product_cat?post=2786"},{"taxonomy":"product_tag","embeddable":true,"href":"https:\/\/www.spirit-of-sylt.com\/shop\/wp-json\/wp\/v2\/product_tag?post=2786"}],"curies":[{"name":"wp","href":"https:\/\/api.w.org\/{rel}","templated":true}]}}