{"id":3696,"date":"2024-10-13T21:47:23","date_gmt":"2024-10-13T21:47:23","guid":{"rendered":"https:\/\/www.spirit-of-sylt.com\/shop\/?post_type=product&#038;p=3696"},"modified":"2024-10-14T10:04:24","modified_gmt":"2024-10-14T10:04:24","slug":"sos-spirit-of-sylt-sekt-cuvee","status":"publish","type":"product","link":"https:\/\/www.spirit-of-sylt.com\/shop\/produkt\/sos-spirit-of-sylt-sekt-cuvee\/","title":{"rendered":"SOS SPIRIT of SYLT Sekt Cuve\u00e9"},"content":{"rendered":"<p><span class=\"Apple-converted-space\">B<\/span>esonders fein abgestimmter Cuv\u00e9e Sekt, der aus den Rebsorten Air\u00e9n und Trebbiano komponiert wird. Die Geschmacksrichtung ist trocken und der Charakter ist au\u00dfergew\u00f6hnlich rassig, feinperlig und elegant. Die optimale Trinktemeratur betr\u00e4gt 8\u00b0.<\/p>\n","protected":false},"excerpt":{"rendered":"<p><span class=\"Apple-converted-space\">B<\/span>esonders fein abgestimmter Cuv\u00e9e Sekt, der aus den Rebsorten Air\u00e9n und Trebbiano komponiert wird. Die Geschmacksrichtung ist trocken und der Charakter ist au\u00dfergew\u00f6hnlich rassig, feinperlig und elegant. Die optimale Trinktemeratur betr\u00e4gt 8\u00b0.<\/p>\n","protected":false},"featured_media":3707,"comment_status":"closed","ping_status":"closed","template":"","meta":{"_monsterinsights_skip_tracking":false,"_monsterinsights_sitenote_active":false,"_monsterinsights_sitenote_note":"","_monsterinsights_sitenote_category":0},"product_brand":[],"product_cat":[123],"product_tag":[],"class_list":{"0":"post-3696","1":"product","2":"type-product","3":"status-publish","4":"has-post-thumbnail","6":"product_cat-sekt","8":"first","9":"instock","10":"taxable","11":"shipping-taxable","12":"purchasable","13":"product-type-simple"},"yoast_head":"<!-- This site is optimized with the Yoast SEO plugin v25.8 - https:\/\/yoast.com\/wordpress\/plugins\/seo\/ -->\n<title>SOS SPIRIT of SYLT Sekt Cuve\u00e9 - SOS SPIRIT of SYLT Shop<\/title>\n<meta name=\"description\" content=\"Besonders fein abgestimmter Cuv\u00e9e Sekt, der aus den Rebsorten Air\u00e9n und Trebbiano komponiert wird. Die Geschmacksrichtung ist trocken und der Charakter ist au\u00dfergew\u00f6hnlich rassig, feinperlig und elegant. Die optimale Trinktemeratur betr\u00e4gt 8\u00b0.\" \/>\n<meta name=\"robots\" content=\"index, follow, max-snippet:-1, max-image-preview:large, max-video-preview:-1\" \/>\n<link rel=\"canonical\" href=\"https:\/\/www.spirit-of-sylt.com\/shop\/produkt\/sos-spirit-of-sylt-sekt-cuvee\/\" \/>\n<meta property=\"og:locale\" content=\"de_DE\" \/>\n<meta property=\"og:type\" content=\"article\" \/>\n<meta property=\"og:title\" content=\"S\u2022O\u2022S SPIRIT of SYLT SEKT CUV\u00c9E\" \/>\n<meta property=\"og:description\" content=\"Besonders fein abgestimmter Cuv\u00e9e Sekt, der aus den Rebsorten Air\u00e9n und Trebbiano komponiert wird. Die Geschmacksrichtung ist trocken und der Charakter ist au\u00dfergew\u00f6hnlich rassig, feinperlig und elegant. Die optimale Trinktemeratur betr\u00e4gt 8\u00b0.\" \/>\n<meta property=\"og:url\" content=\"https:\/\/www.spirit-of-sylt.com\/shop\/produkt\/sos-spirit-of-sylt-sekt-cuvee\/\" \/>\n<meta property=\"og:site_name\" content=\"SOS SPIRIT of SYLT Shop\" \/>\n<meta property=\"article:publisher\" content=\"https:\/\/www.facebook.com\/Spirit.of.Sylt.Livesyle.Shop\" \/>\n<meta property=\"article:modified_time\" content=\"2024-10-14T10:04:24+00:00\" \/>\n<meta property=\"og:image\" content=\"https:\/\/www.spirit-of-sylt.com\/shop\/wp-content\/uploads\/2024\/10\/PREMIUM_Sekt_pfad.jpg\" \/>\n\t<meta property=\"og:image:width\" content=\"2000\" \/>\n\t<meta property=\"og:image:height\" content=\"2000\" \/>\n\t<meta property=\"og:image:type\" content=\"image\/jpeg\" \/>\n<meta name=\"twitter:card\" content=\"summary_large_image\" \/>\n<meta name=\"twitter:title\" content=\"S\u2022O\u2022S SPIRIT of SYLT SEKT CUV\u00c9E\" \/>\n<meta name=\"twitter:description\" content=\"Besonders fein abgestimmter Cuv\u00e9e Sekt, der aus den Rebsorten Air\u00e9n und Trebbiano komponiert wird. Die Geschmacksrichtung ist trocken und der Charakter ist au\u00dfergew\u00f6hnlich rassig, feinperlig und elegant. Die optimale Trinktemeratur betr\u00e4gt 8\u00b0.\" \/>\n<meta name=\"twitter:image\" content=\"https:\/\/www.spirit-of-sylt.com\/shop\/wp-content\/uploads\/2024\/10\/PREMIUM_Sekt_pfad.jpg\" \/>\n<meta name=\"twitter:label1\" content=\"Gesch\u00e4tzte Lesezeit\" \/>\n\t<meta name=\"twitter:data1\" content=\"1\u00a0Minute\" \/>\n<script type=\"application\/ld+json\" class=\"yoast-schema-graph\">{\"@context\":\"https:\/\/schema.org\",\"@graph\":[{\"@type\":\"WebPage\",\"@id\":\"https:\/\/www.spirit-of-sylt.com\/shop\/produkt\/sos-spirit-of-sylt-sekt-cuvee\/\",\"url\":\"https:\/\/www.spirit-of-sylt.com\/shop\/produkt\/sos-spirit-of-sylt-sekt-cuvee\/\",\"name\":\"SOS SPIRIT of SYLT Sekt Cuve\u00e9 - SOS SPIRIT of SYLT Shop\",\"isPartOf\":{\"@id\":\"https:\/\/www.spirit-of-sylt.com\/shop\/#website\"},\"primaryImageOfPage\":{\"@id\":\"https:\/\/www.spirit-of-sylt.com\/shop\/produkt\/sos-spirit-of-sylt-sekt-cuvee\/#primaryimage\"},\"image\":{\"@id\":\"https:\/\/www.spirit-of-sylt.com\/shop\/produkt\/sos-spirit-of-sylt-sekt-cuvee\/#primaryimage\"},\"thumbnailUrl\":\"https:\/\/www.spirit-of-sylt.com\/shop\/wp-content\/uploads\/2024\/10\/PREMIUM_Sekt_pfad.jpg\",\"datePublished\":\"2024-10-13T21:47:23+00:00\",\"dateModified\":\"2024-10-14T10:04:24+00:00\",\"description\":\"Besonders fein abgestimmter Cuv\u00e9e Sekt, der aus den Rebsorten Air\u00e9n und Trebbiano komponiert wird. Die Geschmacksrichtung ist trocken und der Charakter ist au\u00dfergew\u00f6hnlich rassig, feinperlig und elegant. Die optimale Trinktemeratur betr\u00e4gt 8\u00b0.\",\"breadcrumb\":{\"@id\":\"https:\/\/www.spirit-of-sylt.com\/shop\/produkt\/sos-spirit-of-sylt-sekt-cuvee\/#breadcrumb\"},\"inLanguage\":\"de\",\"potentialAction\":[{\"@type\":\"ReadAction\",\"target\":[\"https:\/\/www.spirit-of-sylt.com\/shop\/produkt\/sos-spirit-of-sylt-sekt-cuvee\/\"]}]},{\"@type\":\"ImageObject\",\"inLanguage\":\"de\",\"@id\":\"https:\/\/www.spirit-of-sylt.com\/shop\/produkt\/sos-spirit-of-sylt-sekt-cuvee\/#primaryimage\",\"url\":\"https:\/\/www.spirit-of-sylt.com\/shop\/wp-content\/uploads\/2024\/10\/PREMIUM_Sekt_pfad.jpg\",\"contentUrl\":\"https:\/\/www.spirit-of-sylt.com\/shop\/wp-content\/uploads\/2024\/10\/PREMIUM_Sekt_pfad.jpg\",\"width\":2000,\"height\":2000},{\"@type\":\"BreadcrumbList\",\"@id\":\"https:\/\/www.spirit-of-sylt.com\/shop\/produkt\/sos-spirit-of-sylt-sekt-cuvee\/#breadcrumb\",\"itemListElement\":[{\"@type\":\"ListItem\",\"position\":1,\"name\":\"Startseite\",\"item\":\"https:\/\/www.spirit-of-sylt.com\/shop\/\"},{\"@type\":\"ListItem\",\"position\":2,\"name\":\"Produkte\",\"item\":\"https:\/\/www.spirit-of-sylt.com\/shop\/shop\/\"},{\"@type\":\"ListItem\",\"position\":3,\"name\":\"SOS SPIRIT of SYLT Sekt Cuve\u00e9\"}]},{\"@type\":\"WebSite\",\"@id\":\"https:\/\/www.spirit-of-sylt.com\/shop\/#website\",\"url\":\"https:\/\/www.spirit-of-sylt.com\/shop\/\",\"name\":\"SPIRIT of SYLT Shop\",\"description\":\"Spirits, fashion &amp; more\",\"publisher\":{\"@id\":\"https:\/\/www.spirit-of-sylt.com\/shop\/#organization\"},\"potentialAction\":[{\"@type\":\"SearchAction\",\"target\":{\"@type\":\"EntryPoint\",\"urlTemplate\":\"https:\/\/www.spirit-of-sylt.com\/shop\/?s={search_term_string}\"},\"query-input\":{\"@type\":\"PropertyValueSpecification\",\"valueRequired\":true,\"valueName\":\"search_term_string\"}}],\"inLanguage\":\"de\"},{\"@type\":\"Organization\",\"@id\":\"https:\/\/www.spirit-of-sylt.com\/shop\/#organization\",\"name\":\"SPIRIT of SYLT\",\"url\":\"https:\/\/www.spirit-of-sylt.com\/shop\/\",\"logo\":{\"@type\":\"ImageObject\",\"inLanguage\":\"de\",\"@id\":\"https:\/\/www.spirit-of-sylt.com\/shop\/#\/schema\/logo\/image\/\",\"url\":\"https:\/\/www.spirit-of-sylt.com\/shop\/wp-content\/uploads\/2019\/07\/Logo_SOS_SHOP_NEU_2.jpg\",\"contentUrl\":\"https:\/\/www.spirit-of-sylt.com\/shop\/wp-content\/uploads\/2019\/07\/Logo_SOS_SHOP_NEU_2.jpg\",\"width\":1417,\"height\":409,\"caption\":\"SPIRIT of SYLT\"},\"image\":{\"@id\":\"https:\/\/www.spirit-of-sylt.com\/shop\/#\/schema\/logo\/image\/\"},\"sameAs\":[\"https:\/\/www.facebook.com\/Spirit.of.Sylt.Livesyle.Shop\",\"https:\/\/www.youtube.com\/channel\/UCCi3vslS2xWVD-ieL-eVymQ\"]}]}<\/script>\n<!-- \/ Yoast SEO plugin. -->","yoast_head_json":{"title":"SOS SPIRIT of SYLT Sekt Cuve\u00e9 - SOS SPIRIT of SYLT Shop","description":"Besonders fein abgestimmter Cuv\u00e9e Sekt, der aus den Rebsorten Air\u00e9n und Trebbiano komponiert wird. Die Geschmacksrichtung ist trocken und der Charakter ist au\u00dfergew\u00f6hnlich rassig, feinperlig und elegant. Die optimale Trinktemeratur betr\u00e4gt 8\u00b0.","robots":{"index":"index","follow":"follow","max-snippet":"max-snippet:-1","max-image-preview":"max-image-preview:large","max-video-preview":"max-video-preview:-1"},"canonical":"https:\/\/www.spirit-of-sylt.com\/shop\/produkt\/sos-spirit-of-sylt-sekt-cuvee\/","og_locale":"de_DE","og_type":"article","og_title":"S\u2022O\u2022S SPIRIT of SYLT SEKT CUV\u00c9E","og_description":"Besonders fein abgestimmter Cuv\u00e9e Sekt, der aus den Rebsorten Air\u00e9n und Trebbiano komponiert wird. Die Geschmacksrichtung ist trocken und der Charakter ist au\u00dfergew\u00f6hnlich rassig, feinperlig und elegant. Die optimale Trinktemeratur betr\u00e4gt 8\u00b0.","og_url":"https:\/\/www.spirit-of-sylt.com\/shop\/produkt\/sos-spirit-of-sylt-sekt-cuvee\/","og_site_name":"SOS SPIRIT of SYLT Shop","article_publisher":"https:\/\/www.facebook.com\/Spirit.of.Sylt.Livesyle.Shop","article_modified_time":"2024-10-14T10:04:24+00:00","og_image":[{"width":2000,"height":2000,"url":"https:\/\/www.spirit-of-sylt.com\/shop\/wp-content\/uploads\/2024\/10\/PREMIUM_Sekt_pfad.jpg","type":"image\/jpeg"}],"twitter_card":"summary_large_image","twitter_title":"S\u2022O\u2022S SPIRIT of SYLT SEKT CUV\u00c9E","twitter_description":"Besonders fein abgestimmter Cuv\u00e9e Sekt, der aus den Rebsorten Air\u00e9n und Trebbiano komponiert wird. Die Geschmacksrichtung ist trocken und der Charakter ist au\u00dfergew\u00f6hnlich rassig, feinperlig und elegant. Die optimale Trinktemeratur betr\u00e4gt 8\u00b0.","twitter_image":"https:\/\/www.spirit-of-sylt.com\/shop\/wp-content\/uploads\/2024\/10\/PREMIUM_Sekt_pfad.jpg","twitter_misc":{"Gesch\u00e4tzte Lesezeit":"1\u00a0Minute"},"schema":{"@context":"https:\/\/schema.org","@graph":[{"@type":"WebPage","@id":"https:\/\/www.spirit-of-sylt.com\/shop\/produkt\/sos-spirit-of-sylt-sekt-cuvee\/","url":"https:\/\/www.spirit-of-sylt.com\/shop\/produkt\/sos-spirit-of-sylt-sekt-cuvee\/","name":"SOS SPIRIT of SYLT Sekt Cuve\u00e9 - SOS SPIRIT of SYLT Shop","isPartOf":{"@id":"https:\/\/www.spirit-of-sylt.com\/shop\/#website"},"primaryImageOfPage":{"@id":"https:\/\/www.spirit-of-sylt.com\/shop\/produkt\/sos-spirit-of-sylt-sekt-cuvee\/#primaryimage"},"image":{"@id":"https:\/\/www.spirit-of-sylt.com\/shop\/produkt\/sos-spirit-of-sylt-sekt-cuvee\/#primaryimage"},"thumbnailUrl":"https:\/\/www.spirit-of-sylt.com\/shop\/wp-content\/uploads\/2024\/10\/PREMIUM_Sekt_pfad.jpg","datePublished":"2024-10-13T21:47:23+00:00","dateModified":"2024-10-14T10:04:24+00:00","description":"Besonders fein abgestimmter Cuv\u00e9e Sekt, der aus den Rebsorten Air\u00e9n und Trebbiano komponiert wird. Die Geschmacksrichtung ist trocken und der Charakter ist au\u00dfergew\u00f6hnlich rassig, feinperlig und elegant. Die optimale Trinktemeratur betr\u00e4gt 8\u00b0.","breadcrumb":{"@id":"https:\/\/www.spirit-of-sylt.com\/shop\/produkt\/sos-spirit-of-sylt-sekt-cuvee\/#breadcrumb"},"inLanguage":"de","potentialAction":[{"@type":"ReadAction","target":["https:\/\/www.spirit-of-sylt.com\/shop\/produkt\/sos-spirit-of-sylt-sekt-cuvee\/"]}]},{"@type":"ImageObject","inLanguage":"de","@id":"https:\/\/www.spirit-of-sylt.com\/shop\/produkt\/sos-spirit-of-sylt-sekt-cuvee\/#primaryimage","url":"https:\/\/www.spirit-of-sylt.com\/shop\/wp-content\/uploads\/2024\/10\/PREMIUM_Sekt_pfad.jpg","contentUrl":"https:\/\/www.spirit-of-sylt.com\/shop\/wp-content\/uploads\/2024\/10\/PREMIUM_Sekt_pfad.jpg","width":2000,"height":2000},{"@type":"BreadcrumbList","@id":"https:\/\/www.spirit-of-sylt.com\/shop\/produkt\/sos-spirit-of-sylt-sekt-cuvee\/#breadcrumb","itemListElement":[{"@type":"ListItem","position":1,"name":"Startseite","item":"https:\/\/www.spirit-of-sylt.com\/shop\/"},{"@type":"ListItem","position":2,"name":"Produkte","item":"https:\/\/www.spirit-of-sylt.com\/shop\/shop\/"},{"@type":"ListItem","position":3,"name":"SOS SPIRIT of SYLT Sekt Cuve\u00e9"}]},{"@type":"WebSite","@id":"https:\/\/www.spirit-of-sylt.com\/shop\/#website","url":"https:\/\/www.spirit-of-sylt.com\/shop\/","name":"SPIRIT of SYLT Shop","description":"Spirits, fashion &amp; more","publisher":{"@id":"https:\/\/www.spirit-of-sylt.com\/shop\/#organization"},"potentialAction":[{"@type":"SearchAction","target":{"@type":"EntryPoint","urlTemplate":"https:\/\/www.spirit-of-sylt.com\/shop\/?s={search_term_string}"},"query-input":{"@type":"PropertyValueSpecification","valueRequired":true,"valueName":"search_term_string"}}],"inLanguage":"de"},{"@type":"Organization","@id":"https:\/\/www.spirit-of-sylt.com\/shop\/#organization","name":"SPIRIT of SYLT","url":"https:\/\/www.spirit-of-sylt.com\/shop\/","logo":{"@type":"ImageObject","inLanguage":"de","@id":"https:\/\/www.spirit-of-sylt.com\/shop\/#\/schema\/logo\/image\/","url":"https:\/\/www.spirit-of-sylt.com\/shop\/wp-content\/uploads\/2019\/07\/Logo_SOS_SHOP_NEU_2.jpg","contentUrl":"https:\/\/www.spirit-of-sylt.com\/shop\/wp-content\/uploads\/2019\/07\/Logo_SOS_SHOP_NEU_2.jpg","width":1417,"height":409,"caption":"SPIRIT of SYLT"},"image":{"@id":"https:\/\/www.spirit-of-sylt.com\/shop\/#\/schema\/logo\/image\/"},"sameAs":["https:\/\/www.facebook.com\/Spirit.of.Sylt.Livesyle.Shop","https:\/\/www.youtube.com\/channel\/UCCi3vslS2xWVD-ieL-eVymQ"]}]}},"_links":{"self":[{"href":"https:\/\/www.spirit-of-sylt.com\/shop\/wp-json\/wp\/v2\/product\/3696","targetHints":{"allow":["GET"]}}],"collection":[{"href":"https:\/\/www.spirit-of-sylt.com\/shop\/wp-json\/wp\/v2\/product"}],"about":[{"href":"https:\/\/www.spirit-of-sylt.com\/shop\/wp-json\/wp\/v2\/types\/product"}],"replies":[{"embeddable":true,"href":"https:\/\/www.spirit-of-sylt.com\/shop\/wp-json\/wp\/v2\/comments?post=3696"}],"wp:featuredmedia":[{"embeddable":true,"href":"https:\/\/www.spirit-of-sylt.com\/shop\/wp-json\/wp\/v2\/media\/3707"}],"wp:attachment":[{"href":"https:\/\/www.spirit-of-sylt.com\/shop\/wp-json\/wp\/v2\/media?parent=3696"}],"wp:term":[{"taxonomy":"product_brand","embeddable":true,"href":"https:\/\/www.spirit-of-sylt.com\/shop\/wp-json\/wp\/v2\/product_brand?post=3696"},{"taxonomy":"product_cat","embeddable":true,"href":"https:\/\/www.spirit-of-sylt.com\/shop\/wp-json\/wp\/v2\/product_cat?post=3696"},{"taxonomy":"product_tag","embeddable":true,"href":"https:\/\/www.spirit-of-sylt.com\/shop\/wp-json\/wp\/v2\/product_tag?post=3696"}],"curies":[{"name":"wp","href":"https:\/\/api.w.org\/{rel}","templated":true}]}}