{"id":3702,"date":"2024-10-13T22:39:51","date_gmt":"2024-10-13T22:39:51","guid":{"rendered":"https:\/\/www.spirit-of-sylt.com\/shop\/?post_type=product&#038;p=3702"},"modified":"2024-10-14T09:52:05","modified_gmt":"2024-10-14T09:52:05","slug":"sos-spirit-of-sylt-vodka-black-label","status":"publish","type":"product","link":"https:\/\/www.spirit-of-sylt.com\/shop\/produkt\/sos-spirit-of-sylt-vodka-black-label\/","title":{"rendered":"SOS SPIRIT of SYLT VODKA BLACK LABEL"},"content":{"rendered":"<p><span class=\"c1\">Die spezielle Filtration \u00fcber den Sylter Strandkiesel bewirkt bei unserem S\u2022O\u2022S SPIRIT of SYLT eine gew\u00fcnschte Oxydation. Diese Oxydation dient bei Spirituosen der Reifung, bzw. der Harmonisierung und macht diese weich und rund.<\/span><\/p>\n<p><span class=\"c1\">Eine zus\u00e4tzliche Filtration \u00fcber Aktivkohle befreit S\u2022O\u2022S SPIRIT of SYLT von unerw\u00fcnschten Geschmacks- und Geruchsauspr\u00e4gungen. Die Aktivkohle hat auf Grund ihrer Feinporigkeit eine sehr hohe Adsorptionskraft. Ein Gramm Aktivkohle besitzt die Oberfl\u00e4che von etwa einem Fu\u00dfballfeld.<\/span><\/p>\n<p><span class=\"c1\">Die Sterilfiltration \u00fcber Zellschichten mit einer Durchl\u00e4ssigkeit von weit unter einem Mikron, n\u00e4mlich etwa 0,45 Mikron, wird zur Sicherstellung der Sterilit\u00e4t eingesetzt. Die Filter halten Bakterien und unerw\u00fcnschte Hefen zur\u00fcck. F\u00fcr unseren S\u2022O\u2022S SPIRIT of SYLT dient diese Filtration als Garant f\u00fcr beste Qualit\u00e4t und Reinheit.<\/span><\/p>\n","protected":false},"excerpt":{"rendered":"<p>Das Geheimnis des SPIRIT of SYLT Vodka BLACK LABEL ist seine hauchzarte Gegens\u00e4tzlichkeit. Trotz intensiver Filtration ist der Rohstoff Weizen etwas pr\u00e4senter, wird aber von der au\u00dfergew\u00f6hnlichen Milde zugleich umschmeichelt und behutsam in den Hintergrund getragen. Mit zungenumschmeichelnder Textur verbreitet sich im Mundraum der Geschmack von Aprikose und Chili. Die Komplexit\u00e4t mit leichter Salzigkeit im Abgang abgerundet. Ein Vodka mit eigenem Kopf.<\/p>\n","protected":false},"featured_media":3704,"comment_status":"closed","ping_status":"closed","template":"","meta":{"_monsterinsights_skip_tracking":false,"_monsterinsights_sitenote_active":false,"_monsterinsights_sitenote_note":"","_monsterinsights_sitenote_category":0},"product_brand":[],"product_cat":[117],"product_tag":[],"class_list":{"0":"post-3702","1":"product","2":"type-product","3":"status-publish","4":"has-post-thumbnail","6":"product_cat-vodka","8":"first","9":"instock","10":"taxable","11":"shipping-taxable","12":"purchasable","13":"product-type-simple"},"yoast_head":"<!-- This site is optimized with the Yoast SEO plugin v25.8 - https:\/\/yoast.com\/wordpress\/plugins\/seo\/ -->\n<title>SOS SPIRIT of SYLT VODKA BLACK LABEL - SOS SPIRIT of SYLT Shop<\/title>\n<meta name=\"description\" content=\"Das Geheimnis des SPIRIT of SYLT Vodka BLACK LABEL ist seine hauchzarte Gegens\u00e4tzlichkeit. Trotz intensiver Filtration ist der Rohstoff Weizen etwas pr\u00e4senter, wird aber von der au\u00dfergew\u00f6hnlichen Milde zugleich umschmeichelt und behutsam in den Hintergrund getragen. Mit zungenumschmeichelnder Textur verbreitet sich im Mundraum der Geschmack von Aprikose und Chili. Die Komplexit\u00e4t mit leichter Salzigkeit im Abgang abgerundet. Ein Vodka mit eigenem Kopf.\" \/>\n<meta name=\"robots\" content=\"index, follow, max-snippet:-1, max-image-preview:large, max-video-preview:-1\" \/>\n<link rel=\"canonical\" href=\"https:\/\/www.spirit-of-sylt.com\/shop\/produkt\/sos-spirit-of-sylt-vodka-black-label\/\" \/>\n<meta property=\"og:locale\" content=\"de_DE\" \/>\n<meta property=\"og:type\" content=\"article\" \/>\n<meta property=\"og:title\" content=\"S\u2022O\u2022S SPIRIT of SYLT VODKA BLACK LABEL\" \/>\n<meta property=\"og:description\" content=\"Das Geheimnis des SPIRIT of SYLT Vodka BLACK LABEL ist seine hauchzarte Gegens\u00e4tzlichkeit. Trotz intensiver Filtration ist der Rohstoff Weizen etwas pr\u00e4senter, wird aber von der au\u00dfergew\u00f6hnlichen Milde zugleich umschmeichelt und behutsam in den Hintergrund getragen. Mit zungenumschmeichelnder Textur verbreitet sich im Mundraum der Geschmack von Aprikose und Chili. Die Komplexit\u00e4t mit leichter Salzigkeit im Abgang abgerundet. Ein Vodka mit eigenem Kopf.\" \/>\n<meta property=\"og:url\" content=\"https:\/\/www.spirit-of-sylt.com\/shop\/produkt\/sos-spirit-of-sylt-vodka-black-label\/\" \/>\n<meta property=\"og:site_name\" content=\"SOS SPIRIT of SYLT Shop\" \/>\n<meta property=\"article:publisher\" content=\"https:\/\/www.facebook.com\/Spirit.of.Sylt.Livesyle.Shop\" \/>\n<meta property=\"article:modified_time\" content=\"2024-10-14T09:52:05+00:00\" \/>\n<meta property=\"og:image\" content=\"https:\/\/www.spirit-of-sylt.com\/shop\/wp-content\/uploads\/2024\/10\/Vodka_PREMIUM_BL_pfad.jpg\" \/>\n\t<meta property=\"og:image:width\" content=\"2000\" \/>\n\t<meta property=\"og:image:height\" content=\"2000\" \/>\n\t<meta property=\"og:image:type\" content=\"image\/jpeg\" \/>\n<meta name=\"twitter:card\" content=\"summary_large_image\" \/>\n<meta name=\"twitter:title\" content=\"S\u2022O\u2022S SPIRIT of SYLT VODKA BLACK LABEL\" \/>\n<meta name=\"twitter:description\" content=\"Das Geheimnis des SPIRIT of SYLT Vodka BLACK LABEL ist seine hauchzarte Gegens\u00e4tzlichkeit. Trotz intensiver Filtration ist der Rohstoff Weizen etwas pr\u00e4senter, wird aber von der au\u00dfergew\u00f6hnlichen Milde zugleich umschmeichelt und behutsam in den Hintergrund getragen. Mit zungenumschmeichelnder Textur verbreitet sich im Mundraum der Geschmack von Aprikose und Chili. Die Komplexit\u00e4t mit leichter Salzigkeit im Abgang abgerundet. Ein Vodka mit eigenem Kopf.\" \/>\n<meta name=\"twitter:image\" content=\"https:\/\/www.spirit-of-sylt.com\/shop\/wp-content\/uploads\/2024\/10\/Vodka_PREMIUM_BL_pfad.jpg\" \/>\n<meta name=\"twitter:label1\" content=\"Gesch\u00e4tzte Lesezeit\" \/>\n\t<meta name=\"twitter:data1\" content=\"1\u00a0Minute\" \/>\n<script type=\"application\/ld+json\" class=\"yoast-schema-graph\">{\"@context\":\"https:\/\/schema.org\",\"@graph\":[{\"@type\":\"WebPage\",\"@id\":\"https:\/\/www.spirit-of-sylt.com\/shop\/produkt\/sos-spirit-of-sylt-vodka-black-label\/\",\"url\":\"https:\/\/www.spirit-of-sylt.com\/shop\/produkt\/sos-spirit-of-sylt-vodka-black-label\/\",\"name\":\"SOS SPIRIT of SYLT VODKA BLACK LABEL - SOS SPIRIT of SYLT Shop\",\"isPartOf\":{\"@id\":\"https:\/\/www.spirit-of-sylt.com\/shop\/#website\"},\"primaryImageOfPage\":{\"@id\":\"https:\/\/www.spirit-of-sylt.com\/shop\/produkt\/sos-spirit-of-sylt-vodka-black-label\/#primaryimage\"},\"image\":{\"@id\":\"https:\/\/www.spirit-of-sylt.com\/shop\/produkt\/sos-spirit-of-sylt-vodka-black-label\/#primaryimage\"},\"thumbnailUrl\":\"https:\/\/www.spirit-of-sylt.com\/shop\/wp-content\/uploads\/2024\/10\/Vodka_PREMIUM_BL_pfad.jpg\",\"datePublished\":\"2024-10-13T22:39:51+00:00\",\"dateModified\":\"2024-10-14T09:52:05+00:00\",\"description\":\"Das Geheimnis des SPIRIT of SYLT Vodka BLACK LABEL ist seine hauchzarte Gegens\u00e4tzlichkeit. Trotz intensiver Filtration ist der Rohstoff Weizen etwas pr\u00e4senter, wird aber von der au\u00dfergew\u00f6hnlichen Milde zugleich umschmeichelt und behutsam in den Hintergrund getragen. Mit zungenumschmeichelnder Textur verbreitet sich im Mundraum der Geschmack von Aprikose und Chili. Die Komplexit\u00e4t mit leichter Salzigkeit im Abgang abgerundet. Ein Vodka mit eigenem Kopf.\",\"breadcrumb\":{\"@id\":\"https:\/\/www.spirit-of-sylt.com\/shop\/produkt\/sos-spirit-of-sylt-vodka-black-label\/#breadcrumb\"},\"inLanguage\":\"de\",\"potentialAction\":[{\"@type\":\"ReadAction\",\"target\":[\"https:\/\/www.spirit-of-sylt.com\/shop\/produkt\/sos-spirit-of-sylt-vodka-black-label\/\"]}]},{\"@type\":\"ImageObject\",\"inLanguage\":\"de\",\"@id\":\"https:\/\/www.spirit-of-sylt.com\/shop\/produkt\/sos-spirit-of-sylt-vodka-black-label\/#primaryimage\",\"url\":\"https:\/\/www.spirit-of-sylt.com\/shop\/wp-content\/uploads\/2024\/10\/Vodka_PREMIUM_BL_pfad.jpg\",\"contentUrl\":\"https:\/\/www.spirit-of-sylt.com\/shop\/wp-content\/uploads\/2024\/10\/Vodka_PREMIUM_BL_pfad.jpg\",\"width\":2000,\"height\":2000},{\"@type\":\"BreadcrumbList\",\"@id\":\"https:\/\/www.spirit-of-sylt.com\/shop\/produkt\/sos-spirit-of-sylt-vodka-black-label\/#breadcrumb\",\"itemListElement\":[{\"@type\":\"ListItem\",\"position\":1,\"name\":\"Startseite\",\"item\":\"https:\/\/www.spirit-of-sylt.com\/shop\/\"},{\"@type\":\"ListItem\",\"position\":2,\"name\":\"Produkte\",\"item\":\"https:\/\/www.spirit-of-sylt.com\/shop\/shop\/\"},{\"@type\":\"ListItem\",\"position\":3,\"name\":\"SOS SPIRIT of SYLT VODKA BLACK LABEL\"}]},{\"@type\":\"WebSite\",\"@id\":\"https:\/\/www.spirit-of-sylt.com\/shop\/#website\",\"url\":\"https:\/\/www.spirit-of-sylt.com\/shop\/\",\"name\":\"SPIRIT of SYLT Shop\",\"description\":\"Spirits, fashion &amp; more\",\"publisher\":{\"@id\":\"https:\/\/www.spirit-of-sylt.com\/shop\/#organization\"},\"potentialAction\":[{\"@type\":\"SearchAction\",\"target\":{\"@type\":\"EntryPoint\",\"urlTemplate\":\"https:\/\/www.spirit-of-sylt.com\/shop\/?s={search_term_string}\"},\"query-input\":{\"@type\":\"PropertyValueSpecification\",\"valueRequired\":true,\"valueName\":\"search_term_string\"}}],\"inLanguage\":\"de\"},{\"@type\":\"Organization\",\"@id\":\"https:\/\/www.spirit-of-sylt.com\/shop\/#organization\",\"name\":\"SPIRIT of SYLT\",\"url\":\"https:\/\/www.spirit-of-sylt.com\/shop\/\",\"logo\":{\"@type\":\"ImageObject\",\"inLanguage\":\"de\",\"@id\":\"https:\/\/www.spirit-of-sylt.com\/shop\/#\/schema\/logo\/image\/\",\"url\":\"https:\/\/www.spirit-of-sylt.com\/shop\/wp-content\/uploads\/2019\/07\/Logo_SOS_SHOP_NEU_2.jpg\",\"contentUrl\":\"https:\/\/www.spirit-of-sylt.com\/shop\/wp-content\/uploads\/2019\/07\/Logo_SOS_SHOP_NEU_2.jpg\",\"width\":1417,\"height\":409,\"caption\":\"SPIRIT of SYLT\"},\"image\":{\"@id\":\"https:\/\/www.spirit-of-sylt.com\/shop\/#\/schema\/logo\/image\/\"},\"sameAs\":[\"https:\/\/www.facebook.com\/Spirit.of.Sylt.Livesyle.Shop\",\"https:\/\/www.youtube.com\/channel\/UCCi3vslS2xWVD-ieL-eVymQ\"]}]}<\/script>\n<!-- \/ Yoast SEO plugin. -->","yoast_head_json":{"title":"SOS SPIRIT of SYLT VODKA BLACK LABEL - SOS SPIRIT of SYLT Shop","description":"Das Geheimnis des SPIRIT of SYLT Vodka BLACK LABEL ist seine hauchzarte Gegens\u00e4tzlichkeit. Trotz intensiver Filtration ist der Rohstoff Weizen etwas pr\u00e4senter, wird aber von der au\u00dfergew\u00f6hnlichen Milde zugleich umschmeichelt und behutsam in den Hintergrund getragen. Mit zungenumschmeichelnder Textur verbreitet sich im Mundraum der Geschmack von Aprikose und Chili. Die Komplexit\u00e4t mit leichter Salzigkeit im Abgang abgerundet. Ein Vodka mit eigenem Kopf.","robots":{"index":"index","follow":"follow","max-snippet":"max-snippet:-1","max-image-preview":"max-image-preview:large","max-video-preview":"max-video-preview:-1"},"canonical":"https:\/\/www.spirit-of-sylt.com\/shop\/produkt\/sos-spirit-of-sylt-vodka-black-label\/","og_locale":"de_DE","og_type":"article","og_title":"S\u2022O\u2022S SPIRIT of SYLT VODKA BLACK LABEL","og_description":"Das Geheimnis des SPIRIT of SYLT Vodka BLACK LABEL ist seine hauchzarte Gegens\u00e4tzlichkeit. Trotz intensiver Filtration ist der Rohstoff Weizen etwas pr\u00e4senter, wird aber von der au\u00dfergew\u00f6hnlichen Milde zugleich umschmeichelt und behutsam in den Hintergrund getragen. Mit zungenumschmeichelnder Textur verbreitet sich im Mundraum der Geschmack von Aprikose und Chili. Die Komplexit\u00e4t mit leichter Salzigkeit im Abgang abgerundet. Ein Vodka mit eigenem Kopf.","og_url":"https:\/\/www.spirit-of-sylt.com\/shop\/produkt\/sos-spirit-of-sylt-vodka-black-label\/","og_site_name":"SOS SPIRIT of SYLT Shop","article_publisher":"https:\/\/www.facebook.com\/Spirit.of.Sylt.Livesyle.Shop","article_modified_time":"2024-10-14T09:52:05+00:00","og_image":[{"width":2000,"height":2000,"url":"https:\/\/www.spirit-of-sylt.com\/shop\/wp-content\/uploads\/2024\/10\/Vodka_PREMIUM_BL_pfad.jpg","type":"image\/jpeg"}],"twitter_card":"summary_large_image","twitter_title":"S\u2022O\u2022S SPIRIT of SYLT VODKA BLACK LABEL","twitter_description":"Das Geheimnis des SPIRIT of SYLT Vodka BLACK LABEL ist seine hauchzarte Gegens\u00e4tzlichkeit. Trotz intensiver Filtration ist der Rohstoff Weizen etwas pr\u00e4senter, wird aber von der au\u00dfergew\u00f6hnlichen Milde zugleich umschmeichelt und behutsam in den Hintergrund getragen. Mit zungenumschmeichelnder Textur verbreitet sich im Mundraum der Geschmack von Aprikose und Chili. Die Komplexit\u00e4t mit leichter Salzigkeit im Abgang abgerundet. Ein Vodka mit eigenem Kopf.","twitter_image":"https:\/\/www.spirit-of-sylt.com\/shop\/wp-content\/uploads\/2024\/10\/Vodka_PREMIUM_BL_pfad.jpg","twitter_misc":{"Gesch\u00e4tzte Lesezeit":"1\u00a0Minute"},"schema":{"@context":"https:\/\/schema.org","@graph":[{"@type":"WebPage","@id":"https:\/\/www.spirit-of-sylt.com\/shop\/produkt\/sos-spirit-of-sylt-vodka-black-label\/","url":"https:\/\/www.spirit-of-sylt.com\/shop\/produkt\/sos-spirit-of-sylt-vodka-black-label\/","name":"SOS SPIRIT of SYLT VODKA BLACK LABEL - SOS SPIRIT of SYLT Shop","isPartOf":{"@id":"https:\/\/www.spirit-of-sylt.com\/shop\/#website"},"primaryImageOfPage":{"@id":"https:\/\/www.spirit-of-sylt.com\/shop\/produkt\/sos-spirit-of-sylt-vodka-black-label\/#primaryimage"},"image":{"@id":"https:\/\/www.spirit-of-sylt.com\/shop\/produkt\/sos-spirit-of-sylt-vodka-black-label\/#primaryimage"},"thumbnailUrl":"https:\/\/www.spirit-of-sylt.com\/shop\/wp-content\/uploads\/2024\/10\/Vodka_PREMIUM_BL_pfad.jpg","datePublished":"2024-10-13T22:39:51+00:00","dateModified":"2024-10-14T09:52:05+00:00","description":"Das Geheimnis des SPIRIT of SYLT Vodka BLACK LABEL ist seine hauchzarte Gegens\u00e4tzlichkeit. Trotz intensiver Filtration ist der Rohstoff Weizen etwas pr\u00e4senter, wird aber von der au\u00dfergew\u00f6hnlichen Milde zugleich umschmeichelt und behutsam in den Hintergrund getragen. Mit zungenumschmeichelnder Textur verbreitet sich im Mundraum der Geschmack von Aprikose und Chili. Die Komplexit\u00e4t mit leichter Salzigkeit im Abgang abgerundet. Ein Vodka mit eigenem Kopf.","breadcrumb":{"@id":"https:\/\/www.spirit-of-sylt.com\/shop\/produkt\/sos-spirit-of-sylt-vodka-black-label\/#breadcrumb"},"inLanguage":"de","potentialAction":[{"@type":"ReadAction","target":["https:\/\/www.spirit-of-sylt.com\/shop\/produkt\/sos-spirit-of-sylt-vodka-black-label\/"]}]},{"@type":"ImageObject","inLanguage":"de","@id":"https:\/\/www.spirit-of-sylt.com\/shop\/produkt\/sos-spirit-of-sylt-vodka-black-label\/#primaryimage","url":"https:\/\/www.spirit-of-sylt.com\/shop\/wp-content\/uploads\/2024\/10\/Vodka_PREMIUM_BL_pfad.jpg","contentUrl":"https:\/\/www.spirit-of-sylt.com\/shop\/wp-content\/uploads\/2024\/10\/Vodka_PREMIUM_BL_pfad.jpg","width":2000,"height":2000},{"@type":"BreadcrumbList","@id":"https:\/\/www.spirit-of-sylt.com\/shop\/produkt\/sos-spirit-of-sylt-vodka-black-label\/#breadcrumb","itemListElement":[{"@type":"ListItem","position":1,"name":"Startseite","item":"https:\/\/www.spirit-of-sylt.com\/shop\/"},{"@type":"ListItem","position":2,"name":"Produkte","item":"https:\/\/www.spirit-of-sylt.com\/shop\/shop\/"},{"@type":"ListItem","position":3,"name":"SOS SPIRIT of SYLT VODKA BLACK LABEL"}]},{"@type":"WebSite","@id":"https:\/\/www.spirit-of-sylt.com\/shop\/#website","url":"https:\/\/www.spirit-of-sylt.com\/shop\/","name":"SPIRIT of SYLT Shop","description":"Spirits, fashion &amp; more","publisher":{"@id":"https:\/\/www.spirit-of-sylt.com\/shop\/#organization"},"potentialAction":[{"@type":"SearchAction","target":{"@type":"EntryPoint","urlTemplate":"https:\/\/www.spirit-of-sylt.com\/shop\/?s={search_term_string}"},"query-input":{"@type":"PropertyValueSpecification","valueRequired":true,"valueName":"search_term_string"}}],"inLanguage":"de"},{"@type":"Organization","@id":"https:\/\/www.spirit-of-sylt.com\/shop\/#organization","name":"SPIRIT of SYLT","url":"https:\/\/www.spirit-of-sylt.com\/shop\/","logo":{"@type":"ImageObject","inLanguage":"de","@id":"https:\/\/www.spirit-of-sylt.com\/shop\/#\/schema\/logo\/image\/","url":"https:\/\/www.spirit-of-sylt.com\/shop\/wp-content\/uploads\/2019\/07\/Logo_SOS_SHOP_NEU_2.jpg","contentUrl":"https:\/\/www.spirit-of-sylt.com\/shop\/wp-content\/uploads\/2019\/07\/Logo_SOS_SHOP_NEU_2.jpg","width":1417,"height":409,"caption":"SPIRIT of SYLT"},"image":{"@id":"https:\/\/www.spirit-of-sylt.com\/shop\/#\/schema\/logo\/image\/"},"sameAs":["https:\/\/www.facebook.com\/Spirit.of.Sylt.Livesyle.Shop","https:\/\/www.youtube.com\/channel\/UCCi3vslS2xWVD-ieL-eVymQ"]}]}},"_links":{"self":[{"href":"https:\/\/www.spirit-of-sylt.com\/shop\/wp-json\/wp\/v2\/product\/3702","targetHints":{"allow":["GET"]}}],"collection":[{"href":"https:\/\/www.spirit-of-sylt.com\/shop\/wp-json\/wp\/v2\/product"}],"about":[{"href":"https:\/\/www.spirit-of-sylt.com\/shop\/wp-json\/wp\/v2\/types\/product"}],"replies":[{"embeddable":true,"href":"https:\/\/www.spirit-of-sylt.com\/shop\/wp-json\/wp\/v2\/comments?post=3702"}],"wp:featuredmedia":[{"embeddable":true,"href":"https:\/\/www.spirit-of-sylt.com\/shop\/wp-json\/wp\/v2\/media\/3704"}],"wp:attachment":[{"href":"https:\/\/www.spirit-of-sylt.com\/shop\/wp-json\/wp\/v2\/media?parent=3702"}],"wp:term":[{"taxonomy":"product_brand","embeddable":true,"href":"https:\/\/www.spirit-of-sylt.com\/shop\/wp-json\/wp\/v2\/product_brand?post=3702"},{"taxonomy":"product_cat","embeddable":true,"href":"https:\/\/www.spirit-of-sylt.com\/shop\/wp-json\/wp\/v2\/product_cat?post=3702"},{"taxonomy":"product_tag","embeddable":true,"href":"https:\/\/www.spirit-of-sylt.com\/shop\/wp-json\/wp\/v2\/product_tag?post=3702"}],"curies":[{"name":"wp","href":"https:\/\/api.w.org\/{rel}","templated":true}]}}