{"id":759,"date":"2019-05-15T13:18:01","date_gmt":"2019-05-15T13:18:01","guid":{"rendered":"https:\/\/www.spirit-of-sylt.com\/shop\/?post_type=product&#038;p=759"},"modified":"2021-04-26T08:15:36","modified_gmt":"2021-04-26T08:15:36","slug":"travertin-untersetzer-limited-edition-motiv-windrose","status":"publish","type":"product","link":"https:\/\/www.spirit-of-sylt.com\/shop\/produkt\/travertin-untersetzer-limited-edition-motiv-windrose\/","title":{"rendered":"Travertin Untersetzer \u2013 Limited Edition: Motiv &#8222;Windrose&#8220;"},"content":{"rendered":"<p>Auf Sylt handgefertigte Untersetzer (4er-Set) im Industrial-Look, quadratisch und extrem trendy. Travertin (Naturprodukt) Creme antik mit 4 Filzpunkten auf der Unterseite. Unebenheiten und L\u00f6cher, sowie Farbunterschiede geh\u00f6ren zum Used-Chabby-Look.<\/p>\n<p><strong>Oberfl\u00e4che:<\/strong> antik, getrommelt, offenporig<\/p>\n<p><strong>L\u00e4nge:<\/strong> 10 Zentimeter, Breite: 10 Zentimeter, St\u00e4rke: 1 Zentimeter<\/p>\n<p>Untersetzer, 4-tlg<br \/>\n<strong>Material:<\/strong> Travertin<\/p>\n","protected":false},"excerpt":{"rendered":"<p>Handgefertigte Untersetzer (6er-Set) im Industrial-Look, quadratisch und extrem trendy. Travertin Creme antik mit 4 Filzpunkten auf der Unterseite. Dieses Produkt ist auf insgesamt 250 St\u00fcck limitiert.<\/p>\n<p>&nbsp;<\/p>\n<p><strong>Oberfl\u00e4che:<\/strong> antik, getrommelt, offenporig<br \/>\n<strong>L\u00e4nge:<\/strong> 10 Zentimeter, Breite: 10 Zentimeter, St\u00e4rke: 1 Zentimeter, Farbfamilie: Grau \/ beige<br \/>\n<strong>Untersetzer:<\/strong> 4-tlg<br \/>\n<strong>Material:<\/strong> Travertin<br \/>\n<strong>Anmerkung:<\/strong> Deko nicht im Preis enthalten.<\/p>\n","protected":false},"featured_media":760,"comment_status":"open","ping_status":"closed","template":"","meta":{"_monsterinsights_skip_tracking":false,"_monsterinsights_sitenote_active":false,"_monsterinsights_sitenote_note":"","_monsterinsights_sitenote_category":0},"product_brand":[],"product_cat":[18,50],"product_tag":[],"class_list":{"0":"post-759","1":"product","2":"type-product","3":"status-publish","4":"has-post-thumbnail","6":"product_cat-interior","7":"product_cat-dekoration","8":"product_shipping_class-standard","10":"first","11":"instock","12":"taxable","13":"shipping-taxable","14":"purchasable","15":"product-type-simple"},"yoast_head":"<!-- This site is optimized with the Yoast SEO plugin v25.8 - https:\/\/yoast.com\/wordpress\/plugins\/seo\/ -->\n<title>Travertin Untersetzer \u2013 Limited Edition: Motiv &quot;Windrose&quot; - SOS SPIRIT of SYLT Shop<\/title>\n<meta name=\"robots\" content=\"index, follow, max-snippet:-1, max-image-preview:large, max-video-preview:-1\" \/>\n<link rel=\"canonical\" href=\"https:\/\/www.spirit-of-sylt.com\/shop\/produkt\/travertin-untersetzer-limited-edition-motiv-windrose\/\" \/>\n<meta property=\"og:locale\" content=\"de_DE\" \/>\n<meta property=\"og:type\" content=\"article\" \/>\n<meta property=\"og:title\" content=\"Travertin Untersetzer \u2013 Limited Edition: Motiv &quot;Windrose&quot; - SOS SPIRIT of SYLT Shop\" \/>\n<meta property=\"og:description\" content=\"Handgefertigte Untersetzer (6er-Set) im Industrial-Look, quadratisch und extrem trendy. Travertin Creme antik mit 4 Filzpunkten auf der Unterseite. Dieses Produkt ist auf insgesamt 250 St\u00fcck limitiert.  &nbsp;  Oberfl\u00e4che: antik, getrommelt, offenporig L\u00e4nge: 10 Zentimeter, Breite: 10 Zentimeter, St\u00e4rke: 1 Zentimeter, Farbfamilie: Grau \/ beige Untersetzer: 4-tlg Material: Travertin Anmerkung: Deko nicht im Preis enthalten.\" \/>\n<meta property=\"og:url\" content=\"https:\/\/www.spirit-of-sylt.com\/shop\/produkt\/travertin-untersetzer-limited-edition-motiv-windrose\/\" \/>\n<meta property=\"og:site_name\" content=\"SOS SPIRIT of SYLT Shop\" \/>\n<meta property=\"article:publisher\" content=\"https:\/\/www.facebook.com\/Spirit.of.Sylt.Livesyle.Shop\" \/>\n<meta property=\"article:modified_time\" content=\"2021-04-26T08:15:36+00:00\" \/>\n<meta property=\"og:image\" content=\"https:\/\/www.spirit-of-sylt.com\/shop\/wp-content\/uploads\/2019\/05\/IMG_1640.jpg\" \/>\n\t<meta property=\"og:image:width\" content=\"1555\" \/>\n\t<meta property=\"og:image:height\" content=\"1037\" \/>\n\t<meta property=\"og:image:type\" content=\"image\/jpeg\" \/>\n<meta name=\"twitter:card\" content=\"summary_large_image\" \/>\n<script type=\"application\/ld+json\" class=\"yoast-schema-graph\">{\"@context\":\"https:\/\/schema.org\",\"@graph\":[{\"@type\":\"WebPage\",\"@id\":\"https:\/\/www.spirit-of-sylt.com\/shop\/produkt\/travertin-untersetzer-limited-edition-motiv-windrose\/\",\"url\":\"https:\/\/www.spirit-of-sylt.com\/shop\/produkt\/travertin-untersetzer-limited-edition-motiv-windrose\/\",\"name\":\"Travertin Untersetzer \u2013 Limited Edition: Motiv \\\"Windrose\\\" - SOS SPIRIT of SYLT Shop\",\"isPartOf\":{\"@id\":\"https:\/\/www.spirit-of-sylt.com\/shop\/#website\"},\"primaryImageOfPage\":{\"@id\":\"https:\/\/www.spirit-of-sylt.com\/shop\/produkt\/travertin-untersetzer-limited-edition-motiv-windrose\/#primaryimage\"},\"image\":{\"@id\":\"https:\/\/www.spirit-of-sylt.com\/shop\/produkt\/travertin-untersetzer-limited-edition-motiv-windrose\/#primaryimage\"},\"thumbnailUrl\":\"https:\/\/www.spirit-of-sylt.com\/shop\/wp-content\/uploads\/2019\/05\/IMG_1640.jpg\",\"datePublished\":\"2019-05-15T13:18:01+00:00\",\"dateModified\":\"2021-04-26T08:15:36+00:00\",\"breadcrumb\":{\"@id\":\"https:\/\/www.spirit-of-sylt.com\/shop\/produkt\/travertin-untersetzer-limited-edition-motiv-windrose\/#breadcrumb\"},\"inLanguage\":\"de\",\"potentialAction\":[{\"@type\":\"ReadAction\",\"target\":[\"https:\/\/www.spirit-of-sylt.com\/shop\/produkt\/travertin-untersetzer-limited-edition-motiv-windrose\/\"]}]},{\"@type\":\"ImageObject\",\"inLanguage\":\"de\",\"@id\":\"https:\/\/www.spirit-of-sylt.com\/shop\/produkt\/travertin-untersetzer-limited-edition-motiv-windrose\/#primaryimage\",\"url\":\"https:\/\/www.spirit-of-sylt.com\/shop\/wp-content\/uploads\/2019\/05\/IMG_1640.jpg\",\"contentUrl\":\"https:\/\/www.spirit-of-sylt.com\/shop\/wp-content\/uploads\/2019\/05\/IMG_1640.jpg\",\"width\":1555,\"height\":1037},{\"@type\":\"BreadcrumbList\",\"@id\":\"https:\/\/www.spirit-of-sylt.com\/shop\/produkt\/travertin-untersetzer-limited-edition-motiv-windrose\/#breadcrumb\",\"itemListElement\":[{\"@type\":\"ListItem\",\"position\":1,\"name\":\"Startseite\",\"item\":\"https:\/\/www.spirit-of-sylt.com\/shop\/\"},{\"@type\":\"ListItem\",\"position\":2,\"name\":\"Produkte\",\"item\":\"https:\/\/www.spirit-of-sylt.com\/shop\/shop\/\"},{\"@type\":\"ListItem\",\"position\":3,\"name\":\"Travertin Untersetzer \u2013 Limited Edition: Motiv &#8222;Windrose&#8220;\"}]},{\"@type\":\"WebSite\",\"@id\":\"https:\/\/www.spirit-of-sylt.com\/shop\/#website\",\"url\":\"https:\/\/www.spirit-of-sylt.com\/shop\/\",\"name\":\"SPIRIT of SYLT Shop\",\"description\":\"Spirits, fashion &amp; more\",\"publisher\":{\"@id\":\"https:\/\/www.spirit-of-sylt.com\/shop\/#organization\"},\"potentialAction\":[{\"@type\":\"SearchAction\",\"target\":{\"@type\":\"EntryPoint\",\"urlTemplate\":\"https:\/\/www.spirit-of-sylt.com\/shop\/?s={search_term_string}\"},\"query-input\":{\"@type\":\"PropertyValueSpecification\",\"valueRequired\":true,\"valueName\":\"search_term_string\"}}],\"inLanguage\":\"de\"},{\"@type\":\"Organization\",\"@id\":\"https:\/\/www.spirit-of-sylt.com\/shop\/#organization\",\"name\":\"SPIRIT of SYLT\",\"url\":\"https:\/\/www.spirit-of-sylt.com\/shop\/\",\"logo\":{\"@type\":\"ImageObject\",\"inLanguage\":\"de\",\"@id\":\"https:\/\/www.spirit-of-sylt.com\/shop\/#\/schema\/logo\/image\/\",\"url\":\"https:\/\/www.spirit-of-sylt.com\/shop\/wp-content\/uploads\/2019\/07\/Logo_SOS_SHOP_NEU_2.jpg\",\"contentUrl\":\"https:\/\/www.spirit-of-sylt.com\/shop\/wp-content\/uploads\/2019\/07\/Logo_SOS_SHOP_NEU_2.jpg\",\"width\":1417,\"height\":409,\"caption\":\"SPIRIT of SYLT\"},\"image\":{\"@id\":\"https:\/\/www.spirit-of-sylt.com\/shop\/#\/schema\/logo\/image\/\"},\"sameAs\":[\"https:\/\/www.facebook.com\/Spirit.of.Sylt.Livesyle.Shop\",\"https:\/\/www.youtube.com\/channel\/UCCi3vslS2xWVD-ieL-eVymQ\"]}]}<\/script>\n<!-- \/ Yoast SEO plugin. -->","yoast_head_json":{"title":"Travertin Untersetzer \u2013 Limited Edition: Motiv \"Windrose\" - SOS SPIRIT of SYLT Shop","robots":{"index":"index","follow":"follow","max-snippet":"max-snippet:-1","max-image-preview":"max-image-preview:large","max-video-preview":"max-video-preview:-1"},"canonical":"https:\/\/www.spirit-of-sylt.com\/shop\/produkt\/travertin-untersetzer-limited-edition-motiv-windrose\/","og_locale":"de_DE","og_type":"article","og_title":"Travertin Untersetzer \u2013 Limited Edition: Motiv \"Windrose\" - SOS SPIRIT of SYLT Shop","og_description":"Handgefertigte Untersetzer (6er-Set) im Industrial-Look, quadratisch und extrem trendy. Travertin Creme antik mit 4 Filzpunkten auf der Unterseite. Dieses Produkt ist auf insgesamt 250 St\u00fcck limitiert.  &nbsp;  Oberfl\u00e4che: antik, getrommelt, offenporig L\u00e4nge: 10 Zentimeter, Breite: 10 Zentimeter, St\u00e4rke: 1 Zentimeter, Farbfamilie: Grau \/ beige Untersetzer: 4-tlg Material: Travertin Anmerkung: Deko nicht im Preis enthalten.","og_url":"https:\/\/www.spirit-of-sylt.com\/shop\/produkt\/travertin-untersetzer-limited-edition-motiv-windrose\/","og_site_name":"SOS SPIRIT of SYLT Shop","article_publisher":"https:\/\/www.facebook.com\/Spirit.of.Sylt.Livesyle.Shop","article_modified_time":"2021-04-26T08:15:36+00:00","og_image":[{"width":1555,"height":1037,"url":"https:\/\/www.spirit-of-sylt.com\/shop\/wp-content\/uploads\/2019\/05\/IMG_1640.jpg","type":"image\/jpeg"}],"twitter_card":"summary_large_image","schema":{"@context":"https:\/\/schema.org","@graph":[{"@type":"WebPage","@id":"https:\/\/www.spirit-of-sylt.com\/shop\/produkt\/travertin-untersetzer-limited-edition-motiv-windrose\/","url":"https:\/\/www.spirit-of-sylt.com\/shop\/produkt\/travertin-untersetzer-limited-edition-motiv-windrose\/","name":"Travertin Untersetzer \u2013 Limited Edition: Motiv \"Windrose\" - SOS SPIRIT of SYLT Shop","isPartOf":{"@id":"https:\/\/www.spirit-of-sylt.com\/shop\/#website"},"primaryImageOfPage":{"@id":"https:\/\/www.spirit-of-sylt.com\/shop\/produkt\/travertin-untersetzer-limited-edition-motiv-windrose\/#primaryimage"},"image":{"@id":"https:\/\/www.spirit-of-sylt.com\/shop\/produkt\/travertin-untersetzer-limited-edition-motiv-windrose\/#primaryimage"},"thumbnailUrl":"https:\/\/www.spirit-of-sylt.com\/shop\/wp-content\/uploads\/2019\/05\/IMG_1640.jpg","datePublished":"2019-05-15T13:18:01+00:00","dateModified":"2021-04-26T08:15:36+00:00","breadcrumb":{"@id":"https:\/\/www.spirit-of-sylt.com\/shop\/produkt\/travertin-untersetzer-limited-edition-motiv-windrose\/#breadcrumb"},"inLanguage":"de","potentialAction":[{"@type":"ReadAction","target":["https:\/\/www.spirit-of-sylt.com\/shop\/produkt\/travertin-untersetzer-limited-edition-motiv-windrose\/"]}]},{"@type":"ImageObject","inLanguage":"de","@id":"https:\/\/www.spirit-of-sylt.com\/shop\/produkt\/travertin-untersetzer-limited-edition-motiv-windrose\/#primaryimage","url":"https:\/\/www.spirit-of-sylt.com\/shop\/wp-content\/uploads\/2019\/05\/IMG_1640.jpg","contentUrl":"https:\/\/www.spirit-of-sylt.com\/shop\/wp-content\/uploads\/2019\/05\/IMG_1640.jpg","width":1555,"height":1037},{"@type":"BreadcrumbList","@id":"https:\/\/www.spirit-of-sylt.com\/shop\/produkt\/travertin-untersetzer-limited-edition-motiv-windrose\/#breadcrumb","itemListElement":[{"@type":"ListItem","position":1,"name":"Startseite","item":"https:\/\/www.spirit-of-sylt.com\/shop\/"},{"@type":"ListItem","position":2,"name":"Produkte","item":"https:\/\/www.spirit-of-sylt.com\/shop\/shop\/"},{"@type":"ListItem","position":3,"name":"Travertin Untersetzer \u2013 Limited Edition: Motiv &#8222;Windrose&#8220;"}]},{"@type":"WebSite","@id":"https:\/\/www.spirit-of-sylt.com\/shop\/#website","url":"https:\/\/www.spirit-of-sylt.com\/shop\/","name":"SPIRIT of SYLT Shop","description":"Spirits, fashion &amp; more","publisher":{"@id":"https:\/\/www.spirit-of-sylt.com\/shop\/#organization"},"potentialAction":[{"@type":"SearchAction","target":{"@type":"EntryPoint","urlTemplate":"https:\/\/www.spirit-of-sylt.com\/shop\/?s={search_term_string}"},"query-input":{"@type":"PropertyValueSpecification","valueRequired":true,"valueName":"search_term_string"}}],"inLanguage":"de"},{"@type":"Organization","@id":"https:\/\/www.spirit-of-sylt.com\/shop\/#organization","name":"SPIRIT of SYLT","url":"https:\/\/www.spirit-of-sylt.com\/shop\/","logo":{"@type":"ImageObject","inLanguage":"de","@id":"https:\/\/www.spirit-of-sylt.com\/shop\/#\/schema\/logo\/image\/","url":"https:\/\/www.spirit-of-sylt.com\/shop\/wp-content\/uploads\/2019\/07\/Logo_SOS_SHOP_NEU_2.jpg","contentUrl":"https:\/\/www.spirit-of-sylt.com\/shop\/wp-content\/uploads\/2019\/07\/Logo_SOS_SHOP_NEU_2.jpg","width":1417,"height":409,"caption":"SPIRIT of SYLT"},"image":{"@id":"https:\/\/www.spirit-of-sylt.com\/shop\/#\/schema\/logo\/image\/"},"sameAs":["https:\/\/www.facebook.com\/Spirit.of.Sylt.Livesyle.Shop","https:\/\/www.youtube.com\/channel\/UCCi3vslS2xWVD-ieL-eVymQ"]}]}},"_links":{"self":[{"href":"https:\/\/www.spirit-of-sylt.com\/shop\/wp-json\/wp\/v2\/product\/759","targetHints":{"allow":["GET"]}}],"collection":[{"href":"https:\/\/www.spirit-of-sylt.com\/shop\/wp-json\/wp\/v2\/product"}],"about":[{"href":"https:\/\/www.spirit-of-sylt.com\/shop\/wp-json\/wp\/v2\/types\/product"}],"replies":[{"embeddable":true,"href":"https:\/\/www.spirit-of-sylt.com\/shop\/wp-json\/wp\/v2\/comments?post=759"}],"wp:featuredmedia":[{"embeddable":true,"href":"https:\/\/www.spirit-of-sylt.com\/shop\/wp-json\/wp\/v2\/media\/760"}],"wp:attachment":[{"href":"https:\/\/www.spirit-of-sylt.com\/shop\/wp-json\/wp\/v2\/media?parent=759"}],"wp:term":[{"taxonomy":"product_brand","embeddable":true,"href":"https:\/\/www.spirit-of-sylt.com\/shop\/wp-json\/wp\/v2\/product_brand?post=759"},{"taxonomy":"product_cat","embeddable":true,"href":"https:\/\/www.spirit-of-sylt.com\/shop\/wp-json\/wp\/v2\/product_cat?post=759"},{"taxonomy":"product_tag","embeddable":true,"href":"https:\/\/www.spirit-of-sylt.com\/shop\/wp-json\/wp\/v2\/product_tag?post=759"}],"curies":[{"name":"wp","href":"https:\/\/api.w.org\/{rel}","templated":true}]}}